{"id":172,"date":"2026-01-30T11:05:11","date_gmt":"2026-01-30T11:05:11","guid":{"rendered":"https:\/\/sanmarcopalacevenice.ms3.decms.eu\/?page_id=172"},"modified":"2026-03-02T10:08:14","modified_gmt":"2026-03-02T10:08:14","slug":"san-marco-palace-venice","status":"publish","type":"page","link":"https:\/\/www.sanmarcopalacevenice.com\/de\/","title":{"rendered":"San Marco Palace Venice"},"content":{"rendered":"<p style=\"text-align: center\">Nur wenige Schritte vom <strong data-start=\"1524\" data-end=\"1539\">Markusplatz<\/strong> entfernt, aber abseits des Touristentrubels, sind die Suiten des San Marco Palace ideal f\u00fcr alle, die einen <strong data-start=\"1648\" data-end=\"1713\">komfortablen und praktischen Aufenthalt im Herzen von Venedig<\/strong> suchen. Ger\u00e4umig und einladend eingerichtet, bieten sie alles, was Sie f\u00fcr einen <strong data-start=\"1795\" data-end=\"1855\">Familienurlaub oder einen kurzen romantischen Aufenthalt<\/strong> ben\u00f6tigen, und verbinden <strong data-start=\"1881\" data-end=\"1910\">Privatsph\u00e4re und Freiheit<\/strong> mit <strong data-start=\"1915\" data-end=\"1933\">zentraler Lage<\/strong>.<\/p>\n","protected":false},"excerpt":{"rendered":"<p>Nur wenige Schritte vom Markusplatz entfernt, aber abseits des Touristentrubels, sind die Suiten des San Marco Palace ideal f\u00fcr alle, die einen komfortablen und praktischen Aufenthalt im Herzen von Venedig suchen. Ger\u00e4umig und einladend eingerichtet, bieten sie alles, was Sie f\u00fcr einen Familienurlaub oder einen kurzen romantischen Aufenthalt ben\u00f6tigen, und verbinden Privatsph\u00e4re und Freiheit mit [&hellip;]<\/p>\n","protected":false},"author":6,"featured_media":0,"parent":0,"menu_order":10,"comment_status":"closed","ping_status":"closed","template":"","meta":{"footnotes":""},"class_list":["post-172","page","type-page","status-publish","hentry"],"yoast_head":"<!-- This site is optimized with the Yoast SEO plugin v26.9 - https:\/\/yoast.com\/product\/yoast-seo-wordpress\/ -->\n<title>San Marco Palace Venice - San Marco Palace Venice -<\/title>\n<meta name=\"description\" content=\"Nur wenige Schritte vom Markusplatz entfernt, aber abseits des Touristentrubels, sind die Suiten des San Marco Palace ideal f\u00fcr alle, die einen komfortablen und praktischen Aufenthalt im Herzen von Venedig suchen. Ger\u00e4umig und einladend eingerichtet, bieten sie alles, was Sie f\u00fcr einen Familienurlaub oder einen kurzen romantischen Aufenthalt ben\u00f6tigen, und verbinden Privatsph\u00e4re und Freiheit mit zentraler Lage.\" \/>\n<meta name=\"robots\" content=\"index, follow, max-snippet:-1, max-image-preview:large, max-video-preview:-1\" \/>\n<link rel=\"canonical\" href=\"https:\/\/www.sanmarcopalacevenice.com\/de\/\" \/>\n<meta property=\"og:locale\" content=\"de_DE\" \/>\n<meta property=\"og:type\" content=\"article\" \/>\n<meta property=\"og:title\" content=\"San Marco Palace Venice - San Marco Palace Venice -\" \/>\n<meta property=\"og:description\" content=\"Nur wenige Schritte vom Markusplatz entfernt, aber abseits des Touristentrubels, sind die Suiten des San Marco Palace ideal f\u00fcr alle, die einen komfortablen und praktischen Aufenthalt im Herzen von Venedig suchen. Ger\u00e4umig und einladend eingerichtet, bieten sie alles, was Sie f\u00fcr einen Familienurlaub oder einen kurzen romantischen Aufenthalt ben\u00f6tigen, und verbinden Privatsph\u00e4re und Freiheit mit zentraler Lage.\" \/>\n<meta property=\"og:url\" content=\"https:\/\/www.sanmarcopalacevenice.com\/de\/\" \/>\n<meta property=\"og:site_name\" content=\"San Marco Palace Venice\" \/>\n<meta property=\"article:modified_time\" content=\"2026-03-02T10:08:14+00:00\" \/>\n<meta name=\"twitter:card\" content=\"summary_large_image\" \/>\n<meta name=\"twitter:label1\" content=\"Est. reading time\" \/>\n\t<meta name=\"twitter:data1\" content=\"1\u00a0Minute\" \/>\n<script type=\"application\/ld+json\" class=\"yoast-schema-graph\">{\"@context\":\"https:\/\/schema.org\",\"@graph\":[{\"@type\":\"WebPage\",\"@id\":\"https:\/\/www.sanmarcopalacevenice.com\/de\/\",\"url\":\"https:\/\/www.sanmarcopalacevenice.com\/de\/\",\"name\":\"San Marco Palace Venice - San Marco Palace Venice -\",\"isPartOf\":{\"@id\":\"https:\/\/www.sanmarcopalacevenice.com\/de\/#website\"},\"datePublished\":\"2026-01-30T11:05:11+00:00\",\"dateModified\":\"2026-03-02T10:08:14+00:00\",\"description\":\"Nur wenige Schritte vom Markusplatz entfernt, aber abseits des Touristentrubels, sind die Suiten des San Marco Palace ideal f\u00fcr alle, die einen komfortablen und praktischen Aufenthalt im Herzen von Venedig suchen. Ger\u00e4umig und einladend eingerichtet, bieten sie alles, was Sie f\u00fcr einen Familienurlaub oder einen kurzen romantischen Aufenthalt ben\u00f6tigen, und verbinden Privatsph\u00e4re und Freiheit mit zentraler Lage.\",\"breadcrumb\":{\"@id\":\"https:\/\/www.sanmarcopalacevenice.com\/de\/#breadcrumb\"},\"inLanguage\":\"de\",\"potentialAction\":[{\"@type\":\"ReadAction\",\"target\":[\"https:\/\/www.sanmarcopalacevenice.com\/de\/\"]}]},{\"@type\":\"BreadcrumbList\",\"@id\":\"https:\/\/www.sanmarcopalacevenice.com\/de\/#breadcrumb\",\"itemListElement\":[{\"@type\":\"ListItem\",\"position\":1,\"name\":\"Home\",\"item\":\"https:\/\/www.sanmarcopalacevenice.com\/de\/\"},{\"@type\":\"ListItem\",\"position\":2,\"name\":\"San Marco Palace Venice\"}]},{\"@type\":\"WebSite\",\"@id\":\"https:\/\/www.sanmarcopalacevenice.com\/de\/#website\",\"url\":\"https:\/\/www.sanmarcopalacevenice.com\/de\/\",\"name\":\"San Marco Palace Venice\",\"description\":\"\",\"publisher\":{\"@id\":\"https:\/\/www.sanmarcopalacevenice.com\/de\/#organization\"},\"potentialAction\":[{\"@type\":\"SearchAction\",\"target\":{\"@type\":\"EntryPoint\",\"urlTemplate\":\"https:\/\/www.sanmarcopalacevenice.com\/de\/?s={search_term_string}\"},\"query-input\":{\"@type\":\"PropertyValueSpecification\",\"valueRequired\":true,\"valueName\":\"search_term_string\"}}],\"inLanguage\":\"de\"},{\"@type\":\"Organization\",\"@id\":\"https:\/\/www.sanmarcopalacevenice.com\/de\/#organization\",\"name\":\"San Marco Palace Venice\",\"url\":\"https:\/\/www.sanmarcopalacevenice.com\/de\/\",\"logo\":{\"@type\":\"ImageObject\",\"inLanguage\":\"de\",\"@id\":\"https:\/\/www.sanmarcopalacevenice.com\/de\/#\/schema\/logo\/image\/\",\"url\":\"https:\/\/www.sanmarcopalacevenice.com\/wp-content\/uploads\/sites\/52\/2026\/01\/logo_san_marco_palace_venice_c.svg\",\"contentUrl\":\"https:\/\/www.sanmarcopalacevenice.com\/wp-content\/uploads\/sites\/52\/2026\/01\/logo_san_marco_palace_venice_c.svg\",\"width\":1441,\"height\":334,\"caption\":\"San Marco Palace Venice\"},\"image\":{\"@id\":\"https:\/\/www.sanmarcopalacevenice.com\/de\/#\/schema\/logo\/image\/\"}}]}<\/script>\n<!-- \/ Yoast SEO plugin. -->","yoast_head_json":{"title":"San Marco Palace Venice - San Marco Palace Venice -","description":"Nur wenige Schritte vom Markusplatz entfernt, aber abseits des Touristentrubels, sind die Suiten des San Marco Palace ideal f\u00fcr alle, die einen komfortablen und praktischen Aufenthalt im Herzen von Venedig suchen. Ger\u00e4umig und einladend eingerichtet, bieten sie alles, was Sie f\u00fcr einen Familienurlaub oder einen kurzen romantischen Aufenthalt ben\u00f6tigen, und verbinden Privatsph\u00e4re und Freiheit mit zentraler Lage.","robots":{"index":"index","follow":"follow","max-snippet":"max-snippet:-1","max-image-preview":"max-image-preview:large","max-video-preview":"max-video-preview:-1"},"canonical":"https:\/\/www.sanmarcopalacevenice.com\/de\/","og_locale":"de_DE","og_type":"article","og_title":"San Marco Palace Venice - San Marco Palace Venice -","og_description":"Nur wenige Schritte vom Markusplatz entfernt, aber abseits des Touristentrubels, sind die Suiten des San Marco Palace ideal f\u00fcr alle, die einen komfortablen und praktischen Aufenthalt im Herzen von Venedig suchen. Ger\u00e4umig und einladend eingerichtet, bieten sie alles, was Sie f\u00fcr einen Familienurlaub oder einen kurzen romantischen Aufenthalt ben\u00f6tigen, und verbinden Privatsph\u00e4re und Freiheit mit zentraler Lage.","og_url":"https:\/\/www.sanmarcopalacevenice.com\/de\/","og_site_name":"San Marco Palace Venice","article_modified_time":"2026-03-02T10:08:14+00:00","twitter_card":"summary_large_image","twitter_misc":{"Est. reading time":"1\u00a0Minute"},"schema":{"@context":"https:\/\/schema.org","@graph":[{"@type":"WebPage","@id":"https:\/\/www.sanmarcopalacevenice.com\/de\/","url":"https:\/\/www.sanmarcopalacevenice.com\/de\/","name":"San Marco Palace Venice - San Marco Palace Venice -","isPartOf":{"@id":"https:\/\/www.sanmarcopalacevenice.com\/de\/#website"},"datePublished":"2026-01-30T11:05:11+00:00","dateModified":"2026-03-02T10:08:14+00:00","description":"Nur wenige Schritte vom Markusplatz entfernt, aber abseits des Touristentrubels, sind die Suiten des San Marco Palace ideal f\u00fcr alle, die einen komfortablen und praktischen Aufenthalt im Herzen von Venedig suchen. Ger\u00e4umig und einladend eingerichtet, bieten sie alles, was Sie f\u00fcr einen Familienurlaub oder einen kurzen romantischen Aufenthalt ben\u00f6tigen, und verbinden Privatsph\u00e4re und Freiheit mit zentraler Lage.","breadcrumb":{"@id":"https:\/\/www.sanmarcopalacevenice.com\/de\/#breadcrumb"},"inLanguage":"de","potentialAction":[{"@type":"ReadAction","target":["https:\/\/www.sanmarcopalacevenice.com\/de\/"]}]},{"@type":"BreadcrumbList","@id":"https:\/\/www.sanmarcopalacevenice.com\/de\/#breadcrumb","itemListElement":[{"@type":"ListItem","position":1,"name":"Home","item":"https:\/\/www.sanmarcopalacevenice.com\/de\/"},{"@type":"ListItem","position":2,"name":"San Marco Palace Venice"}]},{"@type":"WebSite","@id":"https:\/\/www.sanmarcopalacevenice.com\/de\/#website","url":"https:\/\/www.sanmarcopalacevenice.com\/de\/","name":"San Marco Palace Venice","description":"","publisher":{"@id":"https:\/\/www.sanmarcopalacevenice.com\/de\/#organization"},"potentialAction":[{"@type":"SearchAction","target":{"@type":"EntryPoint","urlTemplate":"https:\/\/www.sanmarcopalacevenice.com\/de\/?s={search_term_string}"},"query-input":{"@type":"PropertyValueSpecification","valueRequired":true,"valueName":"search_term_string"}}],"inLanguage":"de"},{"@type":"Organization","@id":"https:\/\/www.sanmarcopalacevenice.com\/de\/#organization","name":"San Marco Palace Venice","url":"https:\/\/www.sanmarcopalacevenice.com\/de\/","logo":{"@type":"ImageObject","inLanguage":"de","@id":"https:\/\/www.sanmarcopalacevenice.com\/de\/#\/schema\/logo\/image\/","url":"https:\/\/www.sanmarcopalacevenice.com\/wp-content\/uploads\/sites\/52\/2026\/01\/logo_san_marco_palace_venice_c.svg","contentUrl":"https:\/\/www.sanmarcopalacevenice.com\/wp-content\/uploads\/sites\/52\/2026\/01\/logo_san_marco_palace_venice_c.svg","width":1441,"height":334,"caption":"San Marco Palace Venice"},"image":{"@id":"https:\/\/www.sanmarcopalacevenice.com\/de\/#\/schema\/logo\/image\/"}}]}},"acf":[],"_links":{"self":[{"href":"https:\/\/www.sanmarcopalacevenice.com\/de\/wp-json\/wp\/v2\/pages\/172","targetHints":{"allow":["GET"]}}],"collection":[{"href":"https:\/\/www.sanmarcopalacevenice.com\/de\/wp-json\/wp\/v2\/pages"}],"about":[{"href":"https:\/\/www.sanmarcopalacevenice.com\/de\/wp-json\/wp\/v2\/types\/page"}],"author":[{"embeddable":true,"href":"https:\/\/www.sanmarcopalacevenice.com\/de\/wp-json\/wp\/v2\/users\/6"}],"replies":[{"embeddable":true,"href":"https:\/\/www.sanmarcopalacevenice.com\/de\/wp-json\/wp\/v2\/comments?post=172"}],"version-history":[{"count":0,"href":"https:\/\/www.sanmarcopalacevenice.com\/de\/wp-json\/wp\/v2\/pages\/172\/revisions"}],"wp:attachment":[{"href":"https:\/\/www.sanmarcopalacevenice.com\/de\/wp-json\/wp\/v2\/media?parent=172"}],"curies":[{"name":"wp","href":"https:\/\/api.w.org\/{rel}","templated":true}]}}