{"id":187,"date":"2026-01-30T11:20:31","date_gmt":"2026-01-30T11:20:31","guid":{"rendered":"https:\/\/sanmarcopalacevenice.ms3.decms.eu\/?page_id=187"},"modified":"2026-03-17T14:06:04","modified_gmt":"2026-03-17T14:06:04","slug":"umgebung","status":"publish","type":"page","link":"https:\/\/www.sanmarcopalacevenice.com\/de\/umgebung\/","title":{"rendered":"Umgebung"},"content":{"rendered":"<p>Der <strong>Dogenpalast<\/strong>, der prachtvolle <strong>Markusdom<\/strong> und der alles \u00fcberragende <strong>Campanile<\/strong> sind die steinernen Zeugen der glanzvollen Geschichte der \u201eSerenissima\u201c. Entdecken Sie bedeutende Sch\u00e4tze wie den Ratssaal oder die geheimnisvolle Seufzerbr\u00fccke. Ein kurzer Spaziergang durch die <i data-path-to-node=\"12\" data-index-in-node=\"274\">Mercerie<\/i>, Venedigs traditionsreiche Einkaufsmeile voller Boutiquen, f\u00fchrt Sie direkt nach <strong>Rialto<\/strong>. Dort angekommen, werden Sie von der einzigartigen Architektur der ber\u00fchmten Br\u00fccke und dem bunten Treiben auf dem <strong>Stadtmarkt<\/strong> begeistert sein.<\/p>\n","protected":false},"excerpt":{"rendered":"<p>Der Dogenpalast, der prachtvolle Markusdom und der alles \u00fcberragende Campanile sind die steinernen Zeugen der glanzvollen Geschichte der \u201eSerenissima\u201c. Entdecken Sie bedeutende Sch\u00e4tze wie den Ratssaal oder die geheimnisvolle Seufzerbr\u00fccke. Ein kurzer Spaziergang durch die Mercerie, Venedigs traditionsreiche Einkaufsmeile voller Boutiquen, f\u00fchrt Sie direkt nach Rialto. Dort angekommen, werden Sie von der einzigartigen Architektur der [&hellip;]<\/p>\n","protected":false},"author":6,"featured_media":0,"parent":0,"menu_order":70,"comment_status":"closed","ping_status":"closed","template":"template-surroundings.php","meta":{"footnotes":""},"class_list":["post-187","page","type-page","status-publish","hentry"],"yoast_head":"<!-- This site is optimized with the Yoast SEO plugin v26.9 - https:\/\/yoast.com\/product\/yoast-seo-wordpress\/ -->\n<title>Umgebung - San Marco Palace Venice -<\/title>\n<meta name=\"description\" content=\"Der Dogenpalast, der prachtvolle Markusdom und der alles \u00fcberragende Campanile sind die steinernen Zeugen der glanzvollen Geschichte der \u201eSerenissima\u201c. Entdecken Sie bedeutende Sch\u00e4tze wie den Ratssaal oder die geheimnisvolle Seufzerbr\u00fccke\" \/>\n<meta name=\"robots\" content=\"index, follow, max-snippet:-1, max-image-preview:large, max-video-preview:-1\" \/>\n<link rel=\"canonical\" href=\"https:\/\/www.sanmarcopalacevenice.com\/de\/umgebung\/\" \/>\n<meta property=\"og:locale\" content=\"de_DE\" \/>\n<meta property=\"og:type\" content=\"article\" \/>\n<meta property=\"og:title\" content=\"Umgebung - San Marco Palace Venice -\" \/>\n<meta property=\"og:description\" content=\"Der Dogenpalast, der prachtvolle Markusdom und der alles \u00fcberragende Campanile sind die steinernen Zeugen der glanzvollen Geschichte der \u201eSerenissima\u201c. Entdecken Sie bedeutende Sch\u00e4tze wie den Ratssaal oder die geheimnisvolle Seufzerbr\u00fccke\" \/>\n<meta property=\"og:url\" content=\"https:\/\/www.sanmarcopalacevenice.com\/de\/umgebung\/\" \/>\n<meta property=\"og:site_name\" content=\"San Marco Palace Venice\" \/>\n<meta property=\"article:modified_time\" content=\"2026-03-17T14:06:04+00:00\" \/>\n<meta name=\"twitter:card\" content=\"summary_large_image\" \/>\n<meta name=\"twitter:label1\" content=\"Est. reading time\" \/>\n\t<meta name=\"twitter:data1\" content=\"1\u00a0Minute\" \/>\n<script type=\"application\/ld+json\" class=\"yoast-schema-graph\">{\"@context\":\"https:\/\/schema.org\",\"@graph\":[{\"@type\":\"WebPage\",\"@id\":\"https:\/\/www.sanmarcopalacevenice.com\/de\/umgebung\/\",\"url\":\"https:\/\/www.sanmarcopalacevenice.com\/de\/umgebung\/\",\"name\":\"Umgebung - San Marco Palace Venice -\",\"isPartOf\":{\"@id\":\"https:\/\/www.sanmarcopalacevenice.com\/de\/#website\"},\"datePublished\":\"2026-01-30T11:20:31+00:00\",\"dateModified\":\"2026-03-17T14:06:04+00:00\",\"description\":\"Der Dogenpalast, der prachtvolle Markusdom und der alles \u00fcberragende Campanile sind die steinernen Zeugen der glanzvollen Geschichte der \u201eSerenissima\u201c. Entdecken Sie bedeutende Sch\u00e4tze wie den Ratssaal oder die geheimnisvolle Seufzerbr\u00fccke\",\"breadcrumb\":{\"@id\":\"https:\/\/www.sanmarcopalacevenice.com\/de\/umgebung\/#breadcrumb\"},\"inLanguage\":\"de\",\"potentialAction\":[{\"@type\":\"ReadAction\",\"target\":[\"https:\/\/www.sanmarcopalacevenice.com\/de\/umgebung\/\"]}]},{\"@type\":\"BreadcrumbList\",\"@id\":\"https:\/\/www.sanmarcopalacevenice.com\/de\/umgebung\/#breadcrumb\",\"itemListElement\":[{\"@type\":\"ListItem\",\"position\":1,\"name\":\"Home\",\"item\":\"https:\/\/www.sanmarcopalacevenice.com\/de\/\"},{\"@type\":\"ListItem\",\"position\":2,\"name\":\"Umgebung\"}]},{\"@type\":\"WebSite\",\"@id\":\"https:\/\/www.sanmarcopalacevenice.com\/de\/#website\",\"url\":\"https:\/\/www.sanmarcopalacevenice.com\/de\/\",\"name\":\"San Marco Palace Venice\",\"description\":\"\",\"publisher\":{\"@id\":\"https:\/\/www.sanmarcopalacevenice.com\/de\/#organization\"},\"potentialAction\":[{\"@type\":\"SearchAction\",\"target\":{\"@type\":\"EntryPoint\",\"urlTemplate\":\"https:\/\/www.sanmarcopalacevenice.com\/de\/?s={search_term_string}\"},\"query-input\":{\"@type\":\"PropertyValueSpecification\",\"valueRequired\":true,\"valueName\":\"search_term_string\"}}],\"inLanguage\":\"de\"},{\"@type\":\"Organization\",\"@id\":\"https:\/\/www.sanmarcopalacevenice.com\/de\/#organization\",\"name\":\"San Marco Palace Venice\",\"url\":\"https:\/\/www.sanmarcopalacevenice.com\/de\/\",\"logo\":{\"@type\":\"ImageObject\",\"inLanguage\":\"de\",\"@id\":\"https:\/\/www.sanmarcopalacevenice.com\/de\/#\/schema\/logo\/image\/\",\"url\":\"https:\/\/www.sanmarcopalacevenice.com\/wp-content\/uploads\/sites\/52\/2026\/01\/logo_san_marco_palace_venice_c.svg\",\"contentUrl\":\"https:\/\/www.sanmarcopalacevenice.com\/wp-content\/uploads\/sites\/52\/2026\/01\/logo_san_marco_palace_venice_c.svg\",\"width\":1441,\"height\":334,\"caption\":\"San Marco Palace Venice\"},\"image\":{\"@id\":\"https:\/\/www.sanmarcopalacevenice.com\/de\/#\/schema\/logo\/image\/\"}}]}<\/script>\n<!-- \/ Yoast SEO plugin. -->","yoast_head_json":{"title":"Umgebung - San Marco Palace Venice -","description":"Der Dogenpalast, der prachtvolle Markusdom und der alles \u00fcberragende Campanile sind die steinernen Zeugen der glanzvollen Geschichte der \u201eSerenissima\u201c. Entdecken Sie bedeutende Sch\u00e4tze wie den Ratssaal oder die geheimnisvolle Seufzerbr\u00fccke","robots":{"index":"index","follow":"follow","max-snippet":"max-snippet:-1","max-image-preview":"max-image-preview:large","max-video-preview":"max-video-preview:-1"},"canonical":"https:\/\/www.sanmarcopalacevenice.com\/de\/umgebung\/","og_locale":"de_DE","og_type":"article","og_title":"Umgebung - San Marco Palace Venice -","og_description":"Der Dogenpalast, der prachtvolle Markusdom und der alles \u00fcberragende Campanile sind die steinernen Zeugen der glanzvollen Geschichte der \u201eSerenissima\u201c. Entdecken Sie bedeutende Sch\u00e4tze wie den Ratssaal oder die geheimnisvolle Seufzerbr\u00fccke","og_url":"https:\/\/www.sanmarcopalacevenice.com\/de\/umgebung\/","og_site_name":"San Marco Palace Venice","article_modified_time":"2026-03-17T14:06:04+00:00","twitter_card":"summary_large_image","twitter_misc":{"Est. reading time":"1\u00a0Minute"},"schema":{"@context":"https:\/\/schema.org","@graph":[{"@type":"WebPage","@id":"https:\/\/www.sanmarcopalacevenice.com\/de\/umgebung\/","url":"https:\/\/www.sanmarcopalacevenice.com\/de\/umgebung\/","name":"Umgebung - San Marco Palace Venice -","isPartOf":{"@id":"https:\/\/www.sanmarcopalacevenice.com\/de\/#website"},"datePublished":"2026-01-30T11:20:31+00:00","dateModified":"2026-03-17T14:06:04+00:00","description":"Der Dogenpalast, der prachtvolle Markusdom und der alles \u00fcberragende Campanile sind die steinernen Zeugen der glanzvollen Geschichte der \u201eSerenissima\u201c. Entdecken Sie bedeutende Sch\u00e4tze wie den Ratssaal oder die geheimnisvolle Seufzerbr\u00fccke","breadcrumb":{"@id":"https:\/\/www.sanmarcopalacevenice.com\/de\/umgebung\/#breadcrumb"},"inLanguage":"de","potentialAction":[{"@type":"ReadAction","target":["https:\/\/www.sanmarcopalacevenice.com\/de\/umgebung\/"]}]},{"@type":"BreadcrumbList","@id":"https:\/\/www.sanmarcopalacevenice.com\/de\/umgebung\/#breadcrumb","itemListElement":[{"@type":"ListItem","position":1,"name":"Home","item":"https:\/\/www.sanmarcopalacevenice.com\/de\/"},{"@type":"ListItem","position":2,"name":"Umgebung"}]},{"@type":"WebSite","@id":"https:\/\/www.sanmarcopalacevenice.com\/de\/#website","url":"https:\/\/www.sanmarcopalacevenice.com\/de\/","name":"San Marco Palace Venice","description":"","publisher":{"@id":"https:\/\/www.sanmarcopalacevenice.com\/de\/#organization"},"potentialAction":[{"@type":"SearchAction","target":{"@type":"EntryPoint","urlTemplate":"https:\/\/www.sanmarcopalacevenice.com\/de\/?s={search_term_string}"},"query-input":{"@type":"PropertyValueSpecification","valueRequired":true,"valueName":"search_term_string"}}],"inLanguage":"de"},{"@type":"Organization","@id":"https:\/\/www.sanmarcopalacevenice.com\/de\/#organization","name":"San Marco Palace Venice","url":"https:\/\/www.sanmarcopalacevenice.com\/de\/","logo":{"@type":"ImageObject","inLanguage":"de","@id":"https:\/\/www.sanmarcopalacevenice.com\/de\/#\/schema\/logo\/image\/","url":"https:\/\/www.sanmarcopalacevenice.com\/wp-content\/uploads\/sites\/52\/2026\/01\/logo_san_marco_palace_venice_c.svg","contentUrl":"https:\/\/www.sanmarcopalacevenice.com\/wp-content\/uploads\/sites\/52\/2026\/01\/logo_san_marco_palace_venice_c.svg","width":1441,"height":334,"caption":"San Marco Palace Venice"},"image":{"@id":"https:\/\/www.sanmarcopalacevenice.com\/de\/#\/schema\/logo\/image\/"}}]}},"acf":[],"_links":{"self":[{"href":"https:\/\/www.sanmarcopalacevenice.com\/de\/wp-json\/wp\/v2\/pages\/187","targetHints":{"allow":["GET"]}}],"collection":[{"href":"https:\/\/www.sanmarcopalacevenice.com\/de\/wp-json\/wp\/v2\/pages"}],"about":[{"href":"https:\/\/www.sanmarcopalacevenice.com\/de\/wp-json\/wp\/v2\/types\/page"}],"author":[{"embeddable":true,"href":"https:\/\/www.sanmarcopalacevenice.com\/de\/wp-json\/wp\/v2\/users\/6"}],"replies":[{"embeddable":true,"href":"https:\/\/www.sanmarcopalacevenice.com\/de\/wp-json\/wp\/v2\/comments?post=187"}],"version-history":[{"count":0,"href":"https:\/\/www.sanmarcopalacevenice.com\/de\/wp-json\/wp\/v2\/pages\/187\/revisions"}],"wp:attachment":[{"href":"https:\/\/www.sanmarcopalacevenice.com\/de\/wp-json\/wp\/v2\/media?parent=187"}],"curies":[{"name":"wp","href":"https:\/\/api.w.org\/{rel}","templated":true}]}}