{"id":193,"date":"2026-01-30T11:17:14","date_gmt":"2026-01-30T11:17:14","guid":{"rendered":"https:\/\/sanmarcopalacevenice.ms3.decms.eu\/?page_id=193"},"modified":"2026-02-16T16:45:46","modified_gmt":"2026-02-16T16:45:46","slug":"junior-suite","status":"publish","type":"page","link":"https:\/\/www.sanmarcopalacevenice.com\/de\/suiten\/junior-suite\/","title":{"rendered":"Junior Suite"},"content":{"rendered":"<p>Warme und behagliche R\u00e4umlichkeiten, stilvolle Einrichtungsgegenst\u00e4nde und hochwertige Dienstleistungen. Ideal f\u00fcr einen romantischen Aufenthalt in Venedig.<\/p>\n","protected":false},"excerpt":{"rendered":"<p>Warme und behagliche R\u00e4umlichkeiten, stilvolle Einrichtungsgegenst\u00e4nde und hochwertige Dienstleistungen. Ideal f\u00fcr einen romantischen Aufenthalt in Venedig.<\/p>\n","protected":false},"author":6,"featured_media":0,"parent":177,"menu_order":10,"comment_status":"closed","ping_status":"closed","template":"template-single-room.php","meta":{"footnotes":""},"class_list":["post-193","page","type-page","status-publish","hentry"],"yoast_head":"<!-- This site is optimized with the Yoast SEO plugin v26.9 - https:\/\/yoast.com\/product\/yoast-seo-wordpress\/ -->\n<title>Junior Suite - San Marco Palace Venice -<\/title>\n<meta name=\"description\" content=\"Warme und behagliche R\u00e4umlichkeiten, stilvolle Einrichtungsgegenst\u00e4nde und hochwertige Dienstleistungen. Ideal f\u00fcr einen romantischen Aufenthalt in Venedig.\" \/>\n<meta name=\"robots\" content=\"index, follow, max-snippet:-1, max-image-preview:large, max-video-preview:-1\" \/>\n<link rel=\"canonical\" href=\"https:\/\/www.sanmarcopalacevenice.com\/de\/suiten\/junior-suite\/\" \/>\n<meta property=\"og:locale\" content=\"de_DE\" \/>\n<meta property=\"og:type\" content=\"article\" \/>\n<meta property=\"og:title\" content=\"Junior Suite - San Marco Palace Venice -\" \/>\n<meta property=\"og:description\" content=\"Warme und behagliche R\u00e4umlichkeiten, stilvolle Einrichtungsgegenst\u00e4nde und hochwertige Dienstleistungen. Ideal f\u00fcr einen romantischen Aufenthalt in Venedig.\" \/>\n<meta property=\"og:url\" content=\"https:\/\/www.sanmarcopalacevenice.com\/de\/suiten\/junior-suite\/\" \/>\n<meta property=\"og:site_name\" content=\"San Marco Palace Venice\" \/>\n<meta property=\"article:modified_time\" content=\"2026-02-16T16:45:46+00:00\" \/>\n<meta name=\"twitter:card\" content=\"summary_large_image\" \/>\n<meta name=\"twitter:label1\" content=\"Est. reading time\" \/>\n\t<meta name=\"twitter:data1\" content=\"1\u00a0Minute\" \/>\n<script type=\"application\/ld+json\" class=\"yoast-schema-graph\">{\"@context\":\"https:\/\/schema.org\",\"@graph\":[{\"@type\":\"WebPage\",\"@id\":\"https:\/\/www.sanmarcopalacevenice.com\/de\/suiten\/junior-suite\/\",\"url\":\"https:\/\/www.sanmarcopalacevenice.com\/de\/suiten\/junior-suite\/\",\"name\":\"Junior Suite - San Marco Palace Venice -\",\"isPartOf\":{\"@id\":\"https:\/\/www.sanmarcopalacevenice.com\/de\/#website\"},\"datePublished\":\"2026-01-30T11:17:14+00:00\",\"dateModified\":\"2026-02-16T16:45:46+00:00\",\"description\":\"Warme und behagliche R\u00e4umlichkeiten, stilvolle Einrichtungsgegenst\u00e4nde und hochwertige Dienstleistungen. Ideal f\u00fcr einen romantischen Aufenthalt in Venedig.\",\"breadcrumb\":{\"@id\":\"https:\/\/www.sanmarcopalacevenice.com\/de\/suiten\/junior-suite\/#breadcrumb\"},\"inLanguage\":\"de\",\"potentialAction\":[{\"@type\":\"ReadAction\",\"target\":[\"https:\/\/www.sanmarcopalacevenice.com\/de\/suiten\/junior-suite\/\"]}]},{\"@type\":\"BreadcrumbList\",\"@id\":\"https:\/\/www.sanmarcopalacevenice.com\/de\/suiten\/junior-suite\/#breadcrumb\",\"itemListElement\":[{\"@type\":\"ListItem\",\"position\":1,\"name\":\"Home\",\"item\":\"https:\/\/www.sanmarcopalacevenice.com\/de\/\"},{\"@type\":\"ListItem\",\"position\":2,\"name\":\"Suiten\",\"item\":\"https:\/\/www.sanmarcopalacevenice.com\/de\/suiten\/\"},{\"@type\":\"ListItem\",\"position\":3,\"name\":\"Junior Suite\"}]},{\"@type\":\"WebSite\",\"@id\":\"https:\/\/www.sanmarcopalacevenice.com\/de\/#website\",\"url\":\"https:\/\/www.sanmarcopalacevenice.com\/de\/\",\"name\":\"San Marco Palace Venice\",\"description\":\"\",\"publisher\":{\"@id\":\"https:\/\/www.sanmarcopalacevenice.com\/de\/#organization\"},\"potentialAction\":[{\"@type\":\"SearchAction\",\"target\":{\"@type\":\"EntryPoint\",\"urlTemplate\":\"https:\/\/www.sanmarcopalacevenice.com\/de\/?s={search_term_string}\"},\"query-input\":{\"@type\":\"PropertyValueSpecification\",\"valueRequired\":true,\"valueName\":\"search_term_string\"}}],\"inLanguage\":\"de\"},{\"@type\":\"Organization\",\"@id\":\"https:\/\/www.sanmarcopalacevenice.com\/de\/#organization\",\"name\":\"San Marco Palace Venice\",\"url\":\"https:\/\/www.sanmarcopalacevenice.com\/de\/\",\"logo\":{\"@type\":\"ImageObject\",\"inLanguage\":\"de\",\"@id\":\"https:\/\/www.sanmarcopalacevenice.com\/de\/#\/schema\/logo\/image\/\",\"url\":\"https:\/\/www.sanmarcopalacevenice.com\/wp-content\/uploads\/sites\/52\/2026\/01\/logo_san_marco_palace_venice_c.svg\",\"contentUrl\":\"https:\/\/www.sanmarcopalacevenice.com\/wp-content\/uploads\/sites\/52\/2026\/01\/logo_san_marco_palace_venice_c.svg\",\"width\":1441,\"height\":334,\"caption\":\"San Marco Palace Venice\"},\"image\":{\"@id\":\"https:\/\/www.sanmarcopalacevenice.com\/de\/#\/schema\/logo\/image\/\"}}]}<\/script>\n<!-- \/ Yoast SEO plugin. -->","yoast_head_json":{"title":"Junior Suite - San Marco Palace Venice -","description":"Warme und behagliche R\u00e4umlichkeiten, stilvolle Einrichtungsgegenst\u00e4nde und hochwertige Dienstleistungen. Ideal f\u00fcr einen romantischen Aufenthalt in Venedig.","robots":{"index":"index","follow":"follow","max-snippet":"max-snippet:-1","max-image-preview":"max-image-preview:large","max-video-preview":"max-video-preview:-1"},"canonical":"https:\/\/www.sanmarcopalacevenice.com\/de\/suiten\/junior-suite\/","og_locale":"de_DE","og_type":"article","og_title":"Junior Suite - San Marco Palace Venice -","og_description":"Warme und behagliche R\u00e4umlichkeiten, stilvolle Einrichtungsgegenst\u00e4nde und hochwertige Dienstleistungen. Ideal f\u00fcr einen romantischen Aufenthalt in Venedig.","og_url":"https:\/\/www.sanmarcopalacevenice.com\/de\/suiten\/junior-suite\/","og_site_name":"San Marco Palace Venice","article_modified_time":"2026-02-16T16:45:46+00:00","twitter_card":"summary_large_image","twitter_misc":{"Est. reading time":"1\u00a0Minute"},"schema":{"@context":"https:\/\/schema.org","@graph":[{"@type":"WebPage","@id":"https:\/\/www.sanmarcopalacevenice.com\/de\/suiten\/junior-suite\/","url":"https:\/\/www.sanmarcopalacevenice.com\/de\/suiten\/junior-suite\/","name":"Junior Suite - San Marco Palace Venice -","isPartOf":{"@id":"https:\/\/www.sanmarcopalacevenice.com\/de\/#website"},"datePublished":"2026-01-30T11:17:14+00:00","dateModified":"2026-02-16T16:45:46+00:00","description":"Warme und behagliche R\u00e4umlichkeiten, stilvolle Einrichtungsgegenst\u00e4nde und hochwertige Dienstleistungen. Ideal f\u00fcr einen romantischen Aufenthalt in Venedig.","breadcrumb":{"@id":"https:\/\/www.sanmarcopalacevenice.com\/de\/suiten\/junior-suite\/#breadcrumb"},"inLanguage":"de","potentialAction":[{"@type":"ReadAction","target":["https:\/\/www.sanmarcopalacevenice.com\/de\/suiten\/junior-suite\/"]}]},{"@type":"BreadcrumbList","@id":"https:\/\/www.sanmarcopalacevenice.com\/de\/suiten\/junior-suite\/#breadcrumb","itemListElement":[{"@type":"ListItem","position":1,"name":"Home","item":"https:\/\/www.sanmarcopalacevenice.com\/de\/"},{"@type":"ListItem","position":2,"name":"Suiten","item":"https:\/\/www.sanmarcopalacevenice.com\/de\/suiten\/"},{"@type":"ListItem","position":3,"name":"Junior Suite"}]},{"@type":"WebSite","@id":"https:\/\/www.sanmarcopalacevenice.com\/de\/#website","url":"https:\/\/www.sanmarcopalacevenice.com\/de\/","name":"San Marco Palace Venice","description":"","publisher":{"@id":"https:\/\/www.sanmarcopalacevenice.com\/de\/#organization"},"potentialAction":[{"@type":"SearchAction","target":{"@type":"EntryPoint","urlTemplate":"https:\/\/www.sanmarcopalacevenice.com\/de\/?s={search_term_string}"},"query-input":{"@type":"PropertyValueSpecification","valueRequired":true,"valueName":"search_term_string"}}],"inLanguage":"de"},{"@type":"Organization","@id":"https:\/\/www.sanmarcopalacevenice.com\/de\/#organization","name":"San Marco Palace Venice","url":"https:\/\/www.sanmarcopalacevenice.com\/de\/","logo":{"@type":"ImageObject","inLanguage":"de","@id":"https:\/\/www.sanmarcopalacevenice.com\/de\/#\/schema\/logo\/image\/","url":"https:\/\/www.sanmarcopalacevenice.com\/wp-content\/uploads\/sites\/52\/2026\/01\/logo_san_marco_palace_venice_c.svg","contentUrl":"https:\/\/www.sanmarcopalacevenice.com\/wp-content\/uploads\/sites\/52\/2026\/01\/logo_san_marco_palace_venice_c.svg","width":1441,"height":334,"caption":"San Marco Palace Venice"},"image":{"@id":"https:\/\/www.sanmarcopalacevenice.com\/de\/#\/schema\/logo\/image\/"}}]}},"acf":[],"_links":{"self":[{"href":"https:\/\/www.sanmarcopalacevenice.com\/de\/wp-json\/wp\/v2\/pages\/193","targetHints":{"allow":["GET"]}}],"collection":[{"href":"https:\/\/www.sanmarcopalacevenice.com\/de\/wp-json\/wp\/v2\/pages"}],"about":[{"href":"https:\/\/www.sanmarcopalacevenice.com\/de\/wp-json\/wp\/v2\/types\/page"}],"author":[{"embeddable":true,"href":"https:\/\/www.sanmarcopalacevenice.com\/de\/wp-json\/wp\/v2\/users\/6"}],"replies":[{"embeddable":true,"href":"https:\/\/www.sanmarcopalacevenice.com\/de\/wp-json\/wp\/v2\/comments?post=193"}],"version-history":[{"count":0,"href":"https:\/\/www.sanmarcopalacevenice.com\/de\/wp-json\/wp\/v2\/pages\/193\/revisions"}],"up":[{"embeddable":true,"href":"https:\/\/www.sanmarcopalacevenice.com\/de\/wp-json\/wp\/v2\/pages\/177"}],"wp:attachment":[{"href":"https:\/\/www.sanmarcopalacevenice.com\/de\/wp-json\/wp\/v2\/media?parent=193"}],"curies":[{"name":"wp","href":"https:\/\/api.w.org\/{rel}","templated":true}]}}