{"id":174,"date":"2026-01-30T11:05:11","date_gmt":"2026-01-30T11:05:11","guid":{"rendered":"https:\/\/sanmarcopalacevenice.ms3.decms.eu\/?page_id=174"},"modified":"2026-03-02T10:07:42","modified_gmt":"2026-03-02T10:07:42","slug":"san-marco-palace-venice","status":"publish","type":"page","link":"https:\/\/www.sanmarcopalacevenice.com\/es\/","title":{"rendered":"San Marco Palace Venice"},"content":{"rendered":"<p style=\"text-align: center\">A pocos pasos de <strong data-start=\"1059\" data-end=\"1085\">la Plaza de San Marcos<\/strong>, pero alejadas del bullicio tur\u00edstico, las suites del San Marco Palace son ideales para quienes buscan una <strong data-start=\"1193\" data-end=\"1248\">estancia c\u00f3moda y pr\u00e1ctica en el coraz\u00f3n de Venecia<\/strong>. Amplias y acogedoras, est\u00e1n cuidadosamente amuebladas y equipadas con todo lo necesario para unas <strong data-start=\"1348\" data-end=\"1398\">vacaciones en familia o una escapada rom\u00e1ntica<\/strong>, ofreciendo <strong data-start=\"1411\" data-end=\"1436\">privacidad y libertad<\/strong> sin renunciar a una <strong data-start=\"1457\" data-end=\"1479\">ubicaci\u00f3n c\u00e9ntrica<\/strong>.<\/p>\n","protected":false},"excerpt":{"rendered":"<p>A pocos pasos de la Plaza de San Marcos, pero alejadas del bullicio tur\u00edstico, las suites del San Marco Palace son ideales para quienes buscan una estancia c\u00f3moda y pr\u00e1ctica en el coraz\u00f3n de Venecia. Amplias y acogedoras, est\u00e1n cuidadosamente amuebladas y equipadas con todo lo necesario para unas vacaciones en familia o una escapada [&hellip;]<\/p>\n","protected":false},"author":6,"featured_media":0,"parent":0,"menu_order":10,"comment_status":"closed","ping_status":"closed","template":"","meta":{"footnotes":""},"class_list":["post-174","page","type-page","status-publish","hentry"],"yoast_head":"<!-- This site is optimized with the Yoast SEO plugin v26.9 - https:\/\/yoast.com\/product\/yoast-seo-wordpress\/ -->\n<title>San Marco Palace Venice - San Marco Palace Venice -<\/title>\n<meta name=\"description\" content=\"A pocos pasos de la Plaza de San Marcos, pero alejadas del bullicio tur\u00edstico, las suites del San Marco Palace son ideales para quienes buscan una estancia c\u00f3moda y pr\u00e1ctica en el coraz\u00f3n de Venecia. Amplias y acogedoras, est\u00e1n cuidadosamente amuebladas y equipadas con todo lo necesario para unas vacaciones en familia o una escapada rom\u00e1ntica, ofreciendo privacidad y libertad sin renunciar a una ubicaci\u00f3n c\u00e9ntrica.\" \/>\n<meta name=\"robots\" content=\"index, follow, max-snippet:-1, max-image-preview:large, max-video-preview:-1\" \/>\n<link rel=\"canonical\" href=\"https:\/\/www.sanmarcopalacevenice.com\/es\/\" \/>\n<meta property=\"og:locale\" content=\"es_ES\" \/>\n<meta property=\"og:type\" content=\"article\" \/>\n<meta property=\"og:title\" content=\"San Marco Palace Venice - San Marco Palace Venice -\" \/>\n<meta property=\"og:description\" content=\"A pocos pasos de la Plaza de San Marcos, pero alejadas del bullicio tur\u00edstico, las suites del San Marco Palace son ideales para quienes buscan una estancia c\u00f3moda y pr\u00e1ctica en el coraz\u00f3n de Venecia. Amplias y acogedoras, est\u00e1n cuidadosamente amuebladas y equipadas con todo lo necesario para unas vacaciones en familia o una escapada rom\u00e1ntica, ofreciendo privacidad y libertad sin renunciar a una ubicaci\u00f3n c\u00e9ntrica.\" \/>\n<meta property=\"og:url\" content=\"https:\/\/www.sanmarcopalacevenice.com\/es\/\" \/>\n<meta property=\"og:site_name\" content=\"San Marco Palace Venice\" \/>\n<meta property=\"article:modified_time\" content=\"2026-03-02T10:07:42+00:00\" \/>\n<meta name=\"twitter:card\" content=\"summary_large_image\" \/>\n<meta name=\"twitter:label1\" content=\"Est. reading time\" \/>\n\t<meta name=\"twitter:data1\" content=\"1 minuto\" \/>\n<script type=\"application\/ld+json\" class=\"yoast-schema-graph\">{\"@context\":\"https:\/\/schema.org\",\"@graph\":[{\"@type\":\"WebPage\",\"@id\":\"https:\/\/www.sanmarcopalacevenice.com\/es\/\",\"url\":\"https:\/\/www.sanmarcopalacevenice.com\/es\/\",\"name\":\"San Marco Palace Venice - San Marco Palace Venice -\",\"isPartOf\":{\"@id\":\"https:\/\/www.sanmarcopalacevenice.com\/es\/#website\"},\"datePublished\":\"2026-01-30T11:05:11+00:00\",\"dateModified\":\"2026-03-02T10:07:42+00:00\",\"description\":\"A pocos pasos de la Plaza de San Marcos, pero alejadas del bullicio tur\u00edstico, las suites del San Marco Palace son ideales para quienes buscan una estancia c\u00f3moda y pr\u00e1ctica en el coraz\u00f3n de Venecia. Amplias y acogedoras, est\u00e1n cuidadosamente amuebladas y equipadas con todo lo necesario para unas vacaciones en familia o una escapada rom\u00e1ntica, ofreciendo privacidad y libertad sin renunciar a una ubicaci\u00f3n c\u00e9ntrica.\",\"breadcrumb\":{\"@id\":\"https:\/\/www.sanmarcopalacevenice.com\/es\/#breadcrumb\"},\"inLanguage\":\"es\",\"potentialAction\":[{\"@type\":\"ReadAction\",\"target\":[\"https:\/\/www.sanmarcopalacevenice.com\/es\/\"]}]},{\"@type\":\"BreadcrumbList\",\"@id\":\"https:\/\/www.sanmarcopalacevenice.com\/es\/#breadcrumb\",\"itemListElement\":[{\"@type\":\"ListItem\",\"position\":1,\"name\":\"Home\",\"item\":\"https:\/\/www.sanmarcopalacevenice.com\/es\/\"},{\"@type\":\"ListItem\",\"position\":2,\"name\":\"San Marco Palace Venice\"}]},{\"@type\":\"WebSite\",\"@id\":\"https:\/\/www.sanmarcopalacevenice.com\/es\/#website\",\"url\":\"https:\/\/www.sanmarcopalacevenice.com\/es\/\",\"name\":\"San Marco Palace Venice\",\"description\":\"\",\"publisher\":{\"@id\":\"https:\/\/www.sanmarcopalacevenice.com\/es\/#organization\"},\"potentialAction\":[{\"@type\":\"SearchAction\",\"target\":{\"@type\":\"EntryPoint\",\"urlTemplate\":\"https:\/\/www.sanmarcopalacevenice.com\/es\/?s={search_term_string}\"},\"query-input\":{\"@type\":\"PropertyValueSpecification\",\"valueRequired\":true,\"valueName\":\"search_term_string\"}}],\"inLanguage\":\"es\"},{\"@type\":\"Organization\",\"@id\":\"https:\/\/www.sanmarcopalacevenice.com\/es\/#organization\",\"name\":\"San Marco Palace Venice\",\"url\":\"https:\/\/www.sanmarcopalacevenice.com\/es\/\",\"logo\":{\"@type\":\"ImageObject\",\"inLanguage\":\"es\",\"@id\":\"https:\/\/www.sanmarcopalacevenice.com\/es\/#\/schema\/logo\/image\/\",\"url\":\"https:\/\/www.sanmarcopalacevenice.com\/wp-content\/uploads\/sites\/52\/2026\/01\/logo_san_marco_palace_venice_c.svg\",\"contentUrl\":\"https:\/\/www.sanmarcopalacevenice.com\/wp-content\/uploads\/sites\/52\/2026\/01\/logo_san_marco_palace_venice_c.svg\",\"width\":1441,\"height\":334,\"caption\":\"San Marco Palace Venice\"},\"image\":{\"@id\":\"https:\/\/www.sanmarcopalacevenice.com\/es\/#\/schema\/logo\/image\/\"}}]}<\/script>\n<!-- \/ Yoast SEO plugin. -->","yoast_head_json":{"title":"San Marco Palace Venice - San Marco Palace Venice -","description":"A pocos pasos de la Plaza de San Marcos, pero alejadas del bullicio tur\u00edstico, las suites del San Marco Palace son ideales para quienes buscan una estancia c\u00f3moda y pr\u00e1ctica en el coraz\u00f3n de Venecia. Amplias y acogedoras, est\u00e1n cuidadosamente amuebladas y equipadas con todo lo necesario para unas vacaciones en familia o una escapada rom\u00e1ntica, ofreciendo privacidad y libertad sin renunciar a una ubicaci\u00f3n c\u00e9ntrica.","robots":{"index":"index","follow":"follow","max-snippet":"max-snippet:-1","max-image-preview":"max-image-preview:large","max-video-preview":"max-video-preview:-1"},"canonical":"https:\/\/www.sanmarcopalacevenice.com\/es\/","og_locale":"es_ES","og_type":"article","og_title":"San Marco Palace Venice - San Marco Palace Venice -","og_description":"A pocos pasos de la Plaza de San Marcos, pero alejadas del bullicio tur\u00edstico, las suites del San Marco Palace son ideales para quienes buscan una estancia c\u00f3moda y pr\u00e1ctica en el coraz\u00f3n de Venecia. Amplias y acogedoras, est\u00e1n cuidadosamente amuebladas y equipadas con todo lo necesario para unas vacaciones en familia o una escapada rom\u00e1ntica, ofreciendo privacidad y libertad sin renunciar a una ubicaci\u00f3n c\u00e9ntrica.","og_url":"https:\/\/www.sanmarcopalacevenice.com\/es\/","og_site_name":"San Marco Palace Venice","article_modified_time":"2026-03-02T10:07:42+00:00","twitter_card":"summary_large_image","twitter_misc":{"Est. reading time":"1 minuto"},"schema":{"@context":"https:\/\/schema.org","@graph":[{"@type":"WebPage","@id":"https:\/\/www.sanmarcopalacevenice.com\/es\/","url":"https:\/\/www.sanmarcopalacevenice.com\/es\/","name":"San Marco Palace Venice - San Marco Palace Venice -","isPartOf":{"@id":"https:\/\/www.sanmarcopalacevenice.com\/es\/#website"},"datePublished":"2026-01-30T11:05:11+00:00","dateModified":"2026-03-02T10:07:42+00:00","description":"A pocos pasos de la Plaza de San Marcos, pero alejadas del bullicio tur\u00edstico, las suites del San Marco Palace son ideales para quienes buscan una estancia c\u00f3moda y pr\u00e1ctica en el coraz\u00f3n de Venecia. Amplias y acogedoras, est\u00e1n cuidadosamente amuebladas y equipadas con todo lo necesario para unas vacaciones en familia o una escapada rom\u00e1ntica, ofreciendo privacidad y libertad sin renunciar a una ubicaci\u00f3n c\u00e9ntrica.","breadcrumb":{"@id":"https:\/\/www.sanmarcopalacevenice.com\/es\/#breadcrumb"},"inLanguage":"es","potentialAction":[{"@type":"ReadAction","target":["https:\/\/www.sanmarcopalacevenice.com\/es\/"]}]},{"@type":"BreadcrumbList","@id":"https:\/\/www.sanmarcopalacevenice.com\/es\/#breadcrumb","itemListElement":[{"@type":"ListItem","position":1,"name":"Home","item":"https:\/\/www.sanmarcopalacevenice.com\/es\/"},{"@type":"ListItem","position":2,"name":"San Marco Palace Venice"}]},{"@type":"WebSite","@id":"https:\/\/www.sanmarcopalacevenice.com\/es\/#website","url":"https:\/\/www.sanmarcopalacevenice.com\/es\/","name":"San Marco Palace Venice","description":"","publisher":{"@id":"https:\/\/www.sanmarcopalacevenice.com\/es\/#organization"},"potentialAction":[{"@type":"SearchAction","target":{"@type":"EntryPoint","urlTemplate":"https:\/\/www.sanmarcopalacevenice.com\/es\/?s={search_term_string}"},"query-input":{"@type":"PropertyValueSpecification","valueRequired":true,"valueName":"search_term_string"}}],"inLanguage":"es"},{"@type":"Organization","@id":"https:\/\/www.sanmarcopalacevenice.com\/es\/#organization","name":"San Marco Palace Venice","url":"https:\/\/www.sanmarcopalacevenice.com\/es\/","logo":{"@type":"ImageObject","inLanguage":"es","@id":"https:\/\/www.sanmarcopalacevenice.com\/es\/#\/schema\/logo\/image\/","url":"https:\/\/www.sanmarcopalacevenice.com\/wp-content\/uploads\/sites\/52\/2026\/01\/logo_san_marco_palace_venice_c.svg","contentUrl":"https:\/\/www.sanmarcopalacevenice.com\/wp-content\/uploads\/sites\/52\/2026\/01\/logo_san_marco_palace_venice_c.svg","width":1441,"height":334,"caption":"San Marco Palace Venice"},"image":{"@id":"https:\/\/www.sanmarcopalacevenice.com\/es\/#\/schema\/logo\/image\/"}}]}},"acf":[],"_links":{"self":[{"href":"https:\/\/www.sanmarcopalacevenice.com\/es\/wp-json\/wp\/v2\/pages\/174","targetHints":{"allow":["GET"]}}],"collection":[{"href":"https:\/\/www.sanmarcopalacevenice.com\/es\/wp-json\/wp\/v2\/pages"}],"about":[{"href":"https:\/\/www.sanmarcopalacevenice.com\/es\/wp-json\/wp\/v2\/types\/page"}],"author":[{"embeddable":true,"href":"https:\/\/www.sanmarcopalacevenice.com\/es\/wp-json\/wp\/v2\/users\/6"}],"replies":[{"embeddable":true,"href":"https:\/\/www.sanmarcopalacevenice.com\/es\/wp-json\/wp\/v2\/comments?post=174"}],"version-history":[{"count":0,"href":"https:\/\/www.sanmarcopalacevenice.com\/es\/wp-json\/wp\/v2\/pages\/174\/revisions"}],"wp:attachment":[{"href":"https:\/\/www.sanmarcopalacevenice.com\/es\/wp-json\/wp\/v2\/media?parent=174"}],"curies":[{"name":"wp","href":"https:\/\/api.w.org\/{rel}","templated":true}]}}