{"id":221,"date":"2026-01-30T11:18:21","date_gmt":"2026-01-30T11:18:21","guid":{"rendered":"https:\/\/sanmarcopalacevenice.ms3.decms.eu\/?page_id=221"},"modified":"2026-02-16T16:50:47","modified_gmt":"2026-02-16T16:50:47","slug":"family-suite","status":"publish","type":"page","link":"https:\/\/www.sanmarcopalacevenice.com\/es\/suites\/family-suite\/","title":{"rendered":"Family Suite"},"content":{"rendered":"<p>Suites espaciosas y acogedoras, equipadas con todas las comodidades, ideales para unas vacaciones con la familia en el coraz\u00f3n de Venecia. Cuentan con dos habitaciones, sala de estar con sof\u00e1-cama y cuarto de ba\u00f1o.<\/p>\n","protected":false},"excerpt":{"rendered":"<p>Suites espaciosas y acogedoras, equipadas con todas las comodidades, ideales para unas vacaciones con la familia en el coraz\u00f3n de Venecia. Cuentan con dos habitaciones, sala de estar con sof\u00e1-cama y cuarto de ba\u00f1o.<\/p>\n","protected":false},"author":6,"featured_media":0,"parent":179,"menu_order":50,"comment_status":"closed","ping_status":"closed","template":"template-single-room.php","meta":{"footnotes":""},"class_list":["post-221","page","type-page","status-publish","hentry"],"yoast_head":"<!-- This site is optimized with the Yoast SEO plugin v26.9 - https:\/\/yoast.com\/product\/yoast-seo-wordpress\/ -->\n<title>Family Suite - San Marco Palace Venice -<\/title>\n<meta name=\"description\" content=\"Suites espaciosas y acogedoras, equipadas con todas las comodidades, ideales para unas vacaciones con la familia en el coraz\u00f3n de Venecia. Cuentan con dos habitaciones, sala de estar con sof\u00e1-cama y cuarto de ba\u00f1o.\" \/>\n<meta name=\"robots\" content=\"index, follow, max-snippet:-1, max-image-preview:large, max-video-preview:-1\" \/>\n<link rel=\"canonical\" href=\"https:\/\/www.sanmarcopalacevenice.com\/es\/suites\/family-suite\/\" \/>\n<meta property=\"og:locale\" content=\"es_ES\" \/>\n<meta property=\"og:type\" content=\"article\" \/>\n<meta property=\"og:title\" content=\"Family Suite - San Marco Palace Venice -\" \/>\n<meta property=\"og:description\" content=\"Suites espaciosas y acogedoras, equipadas con todas las comodidades, ideales para unas vacaciones con la familia en el coraz\u00f3n de Venecia. Cuentan con dos habitaciones, sala de estar con sof\u00e1-cama y cuarto de ba\u00f1o.\" \/>\n<meta property=\"og:url\" content=\"https:\/\/www.sanmarcopalacevenice.com\/es\/suites\/family-suite\/\" \/>\n<meta property=\"og:site_name\" content=\"San Marco Palace Venice\" \/>\n<meta property=\"article:modified_time\" content=\"2026-02-16T16:50:47+00:00\" \/>\n<meta name=\"twitter:card\" content=\"summary_large_image\" \/>\n<meta name=\"twitter:label1\" content=\"Est. reading time\" \/>\n\t<meta name=\"twitter:data1\" content=\"1 minuto\" \/>\n<script type=\"application\/ld+json\" class=\"yoast-schema-graph\">{\"@context\":\"https:\/\/schema.org\",\"@graph\":[{\"@type\":\"WebPage\",\"@id\":\"https:\/\/www.sanmarcopalacevenice.com\/es\/suites\/family-suite\/\",\"url\":\"https:\/\/www.sanmarcopalacevenice.com\/es\/suites\/family-suite\/\",\"name\":\"Family Suite - San Marco Palace Venice -\",\"isPartOf\":{\"@id\":\"https:\/\/www.sanmarcopalacevenice.com\/es\/#website\"},\"datePublished\":\"2026-01-30T11:18:21+00:00\",\"dateModified\":\"2026-02-16T16:50:47+00:00\",\"description\":\"Suites espaciosas y acogedoras, equipadas con todas las comodidades, ideales para unas vacaciones con la familia en el coraz\u00f3n de Venecia. Cuentan con dos habitaciones, sala de estar con sof\u00e1-cama y cuarto de ba\u00f1o.\",\"breadcrumb\":{\"@id\":\"https:\/\/www.sanmarcopalacevenice.com\/es\/suites\/family-suite\/#breadcrumb\"},\"inLanguage\":\"es\",\"potentialAction\":[{\"@type\":\"ReadAction\",\"target\":[\"https:\/\/www.sanmarcopalacevenice.com\/es\/suites\/family-suite\/\"]}]},{\"@type\":\"BreadcrumbList\",\"@id\":\"https:\/\/www.sanmarcopalacevenice.com\/es\/suites\/family-suite\/#breadcrumb\",\"itemListElement\":[{\"@type\":\"ListItem\",\"position\":1,\"name\":\"Home\",\"item\":\"https:\/\/www.sanmarcopalacevenice.com\/es\/\"},{\"@type\":\"ListItem\",\"position\":2,\"name\":\"Suites\",\"item\":\"https:\/\/www.sanmarcopalacevenice.com\/es\/suites\/\"},{\"@type\":\"ListItem\",\"position\":3,\"name\":\"Family Suite\"}]},{\"@type\":\"WebSite\",\"@id\":\"https:\/\/www.sanmarcopalacevenice.com\/es\/#website\",\"url\":\"https:\/\/www.sanmarcopalacevenice.com\/es\/\",\"name\":\"San Marco Palace Venice\",\"description\":\"\",\"publisher\":{\"@id\":\"https:\/\/www.sanmarcopalacevenice.com\/es\/#organization\"},\"potentialAction\":[{\"@type\":\"SearchAction\",\"target\":{\"@type\":\"EntryPoint\",\"urlTemplate\":\"https:\/\/www.sanmarcopalacevenice.com\/es\/?s={search_term_string}\"},\"query-input\":{\"@type\":\"PropertyValueSpecification\",\"valueRequired\":true,\"valueName\":\"search_term_string\"}}],\"inLanguage\":\"es\"},{\"@type\":\"Organization\",\"@id\":\"https:\/\/www.sanmarcopalacevenice.com\/es\/#organization\",\"name\":\"San Marco Palace Venice\",\"url\":\"https:\/\/www.sanmarcopalacevenice.com\/es\/\",\"logo\":{\"@type\":\"ImageObject\",\"inLanguage\":\"es\",\"@id\":\"https:\/\/www.sanmarcopalacevenice.com\/es\/#\/schema\/logo\/image\/\",\"url\":\"https:\/\/www.sanmarcopalacevenice.com\/wp-content\/uploads\/sites\/52\/2026\/01\/logo_san_marco_palace_venice_c.svg\",\"contentUrl\":\"https:\/\/www.sanmarcopalacevenice.com\/wp-content\/uploads\/sites\/52\/2026\/01\/logo_san_marco_palace_venice_c.svg\",\"width\":1441,\"height\":334,\"caption\":\"San Marco Palace Venice\"},\"image\":{\"@id\":\"https:\/\/www.sanmarcopalacevenice.com\/es\/#\/schema\/logo\/image\/\"}}]}<\/script>\n<!-- \/ Yoast SEO plugin. -->","yoast_head_json":{"title":"Family Suite - San Marco Palace Venice -","description":"Suites espaciosas y acogedoras, equipadas con todas las comodidades, ideales para unas vacaciones con la familia en el coraz\u00f3n de Venecia. Cuentan con dos habitaciones, sala de estar con sof\u00e1-cama y cuarto de ba\u00f1o.","robots":{"index":"index","follow":"follow","max-snippet":"max-snippet:-1","max-image-preview":"max-image-preview:large","max-video-preview":"max-video-preview:-1"},"canonical":"https:\/\/www.sanmarcopalacevenice.com\/es\/suites\/family-suite\/","og_locale":"es_ES","og_type":"article","og_title":"Family Suite - San Marco Palace Venice -","og_description":"Suites espaciosas y acogedoras, equipadas con todas las comodidades, ideales para unas vacaciones con la familia en el coraz\u00f3n de Venecia. Cuentan con dos habitaciones, sala de estar con sof\u00e1-cama y cuarto de ba\u00f1o.","og_url":"https:\/\/www.sanmarcopalacevenice.com\/es\/suites\/family-suite\/","og_site_name":"San Marco Palace Venice","article_modified_time":"2026-02-16T16:50:47+00:00","twitter_card":"summary_large_image","twitter_misc":{"Est. reading time":"1 minuto"},"schema":{"@context":"https:\/\/schema.org","@graph":[{"@type":"WebPage","@id":"https:\/\/www.sanmarcopalacevenice.com\/es\/suites\/family-suite\/","url":"https:\/\/www.sanmarcopalacevenice.com\/es\/suites\/family-suite\/","name":"Family Suite - San Marco Palace Venice -","isPartOf":{"@id":"https:\/\/www.sanmarcopalacevenice.com\/es\/#website"},"datePublished":"2026-01-30T11:18:21+00:00","dateModified":"2026-02-16T16:50:47+00:00","description":"Suites espaciosas y acogedoras, equipadas con todas las comodidades, ideales para unas vacaciones con la familia en el coraz\u00f3n de Venecia. Cuentan con dos habitaciones, sala de estar con sof\u00e1-cama y cuarto de ba\u00f1o.","breadcrumb":{"@id":"https:\/\/www.sanmarcopalacevenice.com\/es\/suites\/family-suite\/#breadcrumb"},"inLanguage":"es","potentialAction":[{"@type":"ReadAction","target":["https:\/\/www.sanmarcopalacevenice.com\/es\/suites\/family-suite\/"]}]},{"@type":"BreadcrumbList","@id":"https:\/\/www.sanmarcopalacevenice.com\/es\/suites\/family-suite\/#breadcrumb","itemListElement":[{"@type":"ListItem","position":1,"name":"Home","item":"https:\/\/www.sanmarcopalacevenice.com\/es\/"},{"@type":"ListItem","position":2,"name":"Suites","item":"https:\/\/www.sanmarcopalacevenice.com\/es\/suites\/"},{"@type":"ListItem","position":3,"name":"Family Suite"}]},{"@type":"WebSite","@id":"https:\/\/www.sanmarcopalacevenice.com\/es\/#website","url":"https:\/\/www.sanmarcopalacevenice.com\/es\/","name":"San Marco Palace Venice","description":"","publisher":{"@id":"https:\/\/www.sanmarcopalacevenice.com\/es\/#organization"},"potentialAction":[{"@type":"SearchAction","target":{"@type":"EntryPoint","urlTemplate":"https:\/\/www.sanmarcopalacevenice.com\/es\/?s={search_term_string}"},"query-input":{"@type":"PropertyValueSpecification","valueRequired":true,"valueName":"search_term_string"}}],"inLanguage":"es"},{"@type":"Organization","@id":"https:\/\/www.sanmarcopalacevenice.com\/es\/#organization","name":"San Marco Palace Venice","url":"https:\/\/www.sanmarcopalacevenice.com\/es\/","logo":{"@type":"ImageObject","inLanguage":"es","@id":"https:\/\/www.sanmarcopalacevenice.com\/es\/#\/schema\/logo\/image\/","url":"https:\/\/www.sanmarcopalacevenice.com\/wp-content\/uploads\/sites\/52\/2026\/01\/logo_san_marco_palace_venice_c.svg","contentUrl":"https:\/\/www.sanmarcopalacevenice.com\/wp-content\/uploads\/sites\/52\/2026\/01\/logo_san_marco_palace_venice_c.svg","width":1441,"height":334,"caption":"San Marco Palace Venice"},"image":{"@id":"https:\/\/www.sanmarcopalacevenice.com\/es\/#\/schema\/logo\/image\/"}}]}},"acf":[],"_links":{"self":[{"href":"https:\/\/www.sanmarcopalacevenice.com\/es\/wp-json\/wp\/v2\/pages\/221","targetHints":{"allow":["GET"]}}],"collection":[{"href":"https:\/\/www.sanmarcopalacevenice.com\/es\/wp-json\/wp\/v2\/pages"}],"about":[{"href":"https:\/\/www.sanmarcopalacevenice.com\/es\/wp-json\/wp\/v2\/types\/page"}],"author":[{"embeddable":true,"href":"https:\/\/www.sanmarcopalacevenice.com\/es\/wp-json\/wp\/v2\/users\/6"}],"replies":[{"embeddable":true,"href":"https:\/\/www.sanmarcopalacevenice.com\/es\/wp-json\/wp\/v2\/comments?post=221"}],"version-history":[{"count":0,"href":"https:\/\/www.sanmarcopalacevenice.com\/es\/wp-json\/wp\/v2\/pages\/221\/revisions"}],"up":[{"embeddable":true,"href":"https:\/\/www.sanmarcopalacevenice.com\/es\/wp-json\/wp\/v2\/pages\/179"}],"wp:attachment":[{"href":"https:\/\/www.sanmarcopalacevenice.com\/es\/wp-json\/wp\/v2\/media?parent=221"}],"curies":[{"name":"wp","href":"https:\/\/api.w.org\/{rel}","templated":true}]}}