{"id":171,"date":"2026-01-30T11:05:11","date_gmt":"2026-01-30T11:05:11","guid":{"rendered":"https:\/\/sanmarcopalacevenice.ms3.decms.eu\/?page_id=171"},"modified":"2026-03-02T10:07:04","modified_gmt":"2026-03-02T10:07:04","slug":"san-marco-palace-venice","status":"publish","type":"page","link":"https:\/\/www.sanmarcopalacevenice.com\/fr\/","title":{"rendered":"San Marco Palace Venice"},"content":{"rendered":"<p style=\"text-align: center\">\u00c0 quelques pas de <strong data-start=\"597\" data-end=\"620\">la place Saint-Marc<\/strong>, mais \u00e0 l\u2019\u00e9cart de l\u2019agitation touristique, les suites du San Marco Palace sont id\u00e9ales pour ceux qui recherchent un <strong data-start=\"738\" data-end=\"790\">s\u00e9jour confortable et pratique au c\u0153ur de Venise<\/strong>. Spacieuses et accueillantes, elles sont am\u00e9nag\u00e9es avec soin et disposent de tout le n\u00e9cessaire pour des <strong data-start=\"896\" data-end=\"946\">vacances en famille ou une escapade romantique<\/strong>, offrant <strong data-start=\"956\" data-end=\"979\">intimit\u00e9 et libert\u00e9<\/strong> tout en restant <strong data-start=\"996\" data-end=\"1021\">au centre de la ville<\/strong>.<\/p>\n","protected":false},"excerpt":{"rendered":"<p>\u00c0 quelques pas de la place Saint-Marc, mais \u00e0 l\u2019\u00e9cart de l\u2019agitation touristique, les suites du San Marco Palace sont id\u00e9ales pour ceux qui recherchent un s\u00e9jour confortable et pratique au c\u0153ur de Venise. Spacieuses et accueillantes, elles sont am\u00e9nag\u00e9es avec soin et disposent de tout le n\u00e9cessaire pour des vacances en famille ou une [&hellip;]<\/p>\n","protected":false},"author":6,"featured_media":0,"parent":0,"menu_order":10,"comment_status":"closed","ping_status":"closed","template":"","meta":{"footnotes":""},"class_list":["post-171","page","type-page","status-publish","hentry"],"yoast_head":"<!-- This site is optimized with the Yoast SEO plugin v26.9 - https:\/\/yoast.com\/product\/yoast-seo-wordpress\/ -->\n<title>San Marco Palace Venice - San Marco Palace Venice -<\/title>\n<meta name=\"description\" content=\"\u00c0 quelques pas de la place Saint-Marc, mais \u00e0 l\u2019\u00e9cart de l\u2019agitation touristique, les suites du San Marco Palace sont id\u00e9ales pour ceux qui recherchent un s\u00e9jour confortable et pratique au c\u0153ur de Venise. Spacieuses et accueillantes, elles sont am\u00e9nag\u00e9es avec soin et disposent de tout le n\u00e9cessaire pour des vacances en famille ou une escapade romantique, offrant intimit\u00e9 et libert\u00e9 tout en restant au centre de la ville.\" \/>\n<meta name=\"robots\" content=\"index, follow, max-snippet:-1, max-image-preview:large, max-video-preview:-1\" \/>\n<link rel=\"canonical\" href=\"https:\/\/www.sanmarcopalacevenice.com\/fr\/\" \/>\n<meta property=\"og:locale\" content=\"fr_FR\" \/>\n<meta property=\"og:type\" content=\"article\" \/>\n<meta property=\"og:title\" content=\"San Marco Palace Venice - San Marco Palace Venice -\" \/>\n<meta property=\"og:description\" content=\"\u00c0 quelques pas de la place Saint-Marc, mais \u00e0 l\u2019\u00e9cart de l\u2019agitation touristique, les suites du San Marco Palace sont id\u00e9ales pour ceux qui recherchent un s\u00e9jour confortable et pratique au c\u0153ur de Venise. Spacieuses et accueillantes, elles sont am\u00e9nag\u00e9es avec soin et disposent de tout le n\u00e9cessaire pour des vacances en famille ou une escapade romantique, offrant intimit\u00e9 et libert\u00e9 tout en restant au centre de la ville.\" \/>\n<meta property=\"og:url\" content=\"https:\/\/www.sanmarcopalacevenice.com\/fr\/\" \/>\n<meta property=\"og:site_name\" content=\"San Marco Palace Venice\" \/>\n<meta property=\"article:modified_time\" content=\"2026-03-02T10:07:04+00:00\" \/>\n<meta name=\"twitter:card\" content=\"summary_large_image\" \/>\n<meta name=\"twitter:label1\" content=\"Est. reading time\" \/>\n\t<meta name=\"twitter:data1\" content=\"1 minute\" \/>\n<script type=\"application\/ld+json\" class=\"yoast-schema-graph\">{\"@context\":\"https:\/\/schema.org\",\"@graph\":[{\"@type\":\"WebPage\",\"@id\":\"https:\/\/www.sanmarcopalacevenice.com\/fr\/\",\"url\":\"https:\/\/www.sanmarcopalacevenice.com\/fr\/\",\"name\":\"San Marco Palace Venice - San Marco Palace Venice -\",\"isPartOf\":{\"@id\":\"https:\/\/www.sanmarcopalacevenice.com\/fr\/#website\"},\"datePublished\":\"2026-01-30T11:05:11+00:00\",\"dateModified\":\"2026-03-02T10:07:04+00:00\",\"description\":\"\u00c0 quelques pas de la place Saint-Marc, mais \u00e0 l\u2019\u00e9cart de l\u2019agitation touristique, les suites du San Marco Palace sont id\u00e9ales pour ceux qui recherchent un s\u00e9jour confortable et pratique au c\u0153ur de Venise. Spacieuses et accueillantes, elles sont am\u00e9nag\u00e9es avec soin et disposent de tout le n\u00e9cessaire pour des vacances en famille ou une escapade romantique, offrant intimit\u00e9 et libert\u00e9 tout en restant au centre de la ville.\",\"breadcrumb\":{\"@id\":\"https:\/\/www.sanmarcopalacevenice.com\/fr\/#breadcrumb\"},\"inLanguage\":\"fr-FR\",\"potentialAction\":[{\"@type\":\"ReadAction\",\"target\":[\"https:\/\/www.sanmarcopalacevenice.com\/fr\/\"]}]},{\"@type\":\"BreadcrumbList\",\"@id\":\"https:\/\/www.sanmarcopalacevenice.com\/fr\/#breadcrumb\",\"itemListElement\":[{\"@type\":\"ListItem\",\"position\":1,\"name\":\"Home\",\"item\":\"https:\/\/www.sanmarcopalacevenice.com\/fr\/\"},{\"@type\":\"ListItem\",\"position\":2,\"name\":\"San Marco Palace Venice\"}]},{\"@type\":\"WebSite\",\"@id\":\"https:\/\/www.sanmarcopalacevenice.com\/fr\/#website\",\"url\":\"https:\/\/www.sanmarcopalacevenice.com\/fr\/\",\"name\":\"San Marco Palace Venice\",\"description\":\"\",\"publisher\":{\"@id\":\"https:\/\/www.sanmarcopalacevenice.com\/fr\/#organization\"},\"potentialAction\":[{\"@type\":\"SearchAction\",\"target\":{\"@type\":\"EntryPoint\",\"urlTemplate\":\"https:\/\/www.sanmarcopalacevenice.com\/fr\/?s={search_term_string}\"},\"query-input\":{\"@type\":\"PropertyValueSpecification\",\"valueRequired\":true,\"valueName\":\"search_term_string\"}}],\"inLanguage\":\"fr-FR\"},{\"@type\":\"Organization\",\"@id\":\"https:\/\/www.sanmarcopalacevenice.com\/fr\/#organization\",\"name\":\"San Marco Palace Venice\",\"url\":\"https:\/\/www.sanmarcopalacevenice.com\/fr\/\",\"logo\":{\"@type\":\"ImageObject\",\"inLanguage\":\"fr-FR\",\"@id\":\"https:\/\/www.sanmarcopalacevenice.com\/fr\/#\/schema\/logo\/image\/\",\"url\":\"https:\/\/www.sanmarcopalacevenice.com\/wp-content\/uploads\/sites\/52\/2026\/01\/logo_san_marco_palace_venice_c.svg\",\"contentUrl\":\"https:\/\/www.sanmarcopalacevenice.com\/wp-content\/uploads\/sites\/52\/2026\/01\/logo_san_marco_palace_venice_c.svg\",\"width\":1441,\"height\":334,\"caption\":\"San Marco Palace Venice\"},\"image\":{\"@id\":\"https:\/\/www.sanmarcopalacevenice.com\/fr\/#\/schema\/logo\/image\/\"}}]}<\/script>\n<!-- \/ Yoast SEO plugin. -->","yoast_head_json":{"title":"San Marco Palace Venice - San Marco Palace Venice -","description":"\u00c0 quelques pas de la place Saint-Marc, mais \u00e0 l\u2019\u00e9cart de l\u2019agitation touristique, les suites du San Marco Palace sont id\u00e9ales pour ceux qui recherchent un s\u00e9jour confortable et pratique au c\u0153ur de Venise. Spacieuses et accueillantes, elles sont am\u00e9nag\u00e9es avec soin et disposent de tout le n\u00e9cessaire pour des vacances en famille ou une escapade romantique, offrant intimit\u00e9 et libert\u00e9 tout en restant au centre de la ville.","robots":{"index":"index","follow":"follow","max-snippet":"max-snippet:-1","max-image-preview":"max-image-preview:large","max-video-preview":"max-video-preview:-1"},"canonical":"https:\/\/www.sanmarcopalacevenice.com\/fr\/","og_locale":"fr_FR","og_type":"article","og_title":"San Marco Palace Venice - San Marco Palace Venice -","og_description":"\u00c0 quelques pas de la place Saint-Marc, mais \u00e0 l\u2019\u00e9cart de l\u2019agitation touristique, les suites du San Marco Palace sont id\u00e9ales pour ceux qui recherchent un s\u00e9jour confortable et pratique au c\u0153ur de Venise. Spacieuses et accueillantes, elles sont am\u00e9nag\u00e9es avec soin et disposent de tout le n\u00e9cessaire pour des vacances en famille ou une escapade romantique, offrant intimit\u00e9 et libert\u00e9 tout en restant au centre de la ville.","og_url":"https:\/\/www.sanmarcopalacevenice.com\/fr\/","og_site_name":"San Marco Palace Venice","article_modified_time":"2026-03-02T10:07:04+00:00","twitter_card":"summary_large_image","twitter_misc":{"Est. reading time":"1 minute"},"schema":{"@context":"https:\/\/schema.org","@graph":[{"@type":"WebPage","@id":"https:\/\/www.sanmarcopalacevenice.com\/fr\/","url":"https:\/\/www.sanmarcopalacevenice.com\/fr\/","name":"San Marco Palace Venice - San Marco Palace Venice -","isPartOf":{"@id":"https:\/\/www.sanmarcopalacevenice.com\/fr\/#website"},"datePublished":"2026-01-30T11:05:11+00:00","dateModified":"2026-03-02T10:07:04+00:00","description":"\u00c0 quelques pas de la place Saint-Marc, mais \u00e0 l\u2019\u00e9cart de l\u2019agitation touristique, les suites du San Marco Palace sont id\u00e9ales pour ceux qui recherchent un s\u00e9jour confortable et pratique au c\u0153ur de Venise. Spacieuses et accueillantes, elles sont am\u00e9nag\u00e9es avec soin et disposent de tout le n\u00e9cessaire pour des vacances en famille ou une escapade romantique, offrant intimit\u00e9 et libert\u00e9 tout en restant au centre de la ville.","breadcrumb":{"@id":"https:\/\/www.sanmarcopalacevenice.com\/fr\/#breadcrumb"},"inLanguage":"fr-FR","potentialAction":[{"@type":"ReadAction","target":["https:\/\/www.sanmarcopalacevenice.com\/fr\/"]}]},{"@type":"BreadcrumbList","@id":"https:\/\/www.sanmarcopalacevenice.com\/fr\/#breadcrumb","itemListElement":[{"@type":"ListItem","position":1,"name":"Home","item":"https:\/\/www.sanmarcopalacevenice.com\/fr\/"},{"@type":"ListItem","position":2,"name":"San Marco Palace Venice"}]},{"@type":"WebSite","@id":"https:\/\/www.sanmarcopalacevenice.com\/fr\/#website","url":"https:\/\/www.sanmarcopalacevenice.com\/fr\/","name":"San Marco Palace Venice","description":"","publisher":{"@id":"https:\/\/www.sanmarcopalacevenice.com\/fr\/#organization"},"potentialAction":[{"@type":"SearchAction","target":{"@type":"EntryPoint","urlTemplate":"https:\/\/www.sanmarcopalacevenice.com\/fr\/?s={search_term_string}"},"query-input":{"@type":"PropertyValueSpecification","valueRequired":true,"valueName":"search_term_string"}}],"inLanguage":"fr-FR"},{"@type":"Organization","@id":"https:\/\/www.sanmarcopalacevenice.com\/fr\/#organization","name":"San Marco Palace Venice","url":"https:\/\/www.sanmarcopalacevenice.com\/fr\/","logo":{"@type":"ImageObject","inLanguage":"fr-FR","@id":"https:\/\/www.sanmarcopalacevenice.com\/fr\/#\/schema\/logo\/image\/","url":"https:\/\/www.sanmarcopalacevenice.com\/wp-content\/uploads\/sites\/52\/2026\/01\/logo_san_marco_palace_venice_c.svg","contentUrl":"https:\/\/www.sanmarcopalacevenice.com\/wp-content\/uploads\/sites\/52\/2026\/01\/logo_san_marco_palace_venice_c.svg","width":1441,"height":334,"caption":"San Marco Palace Venice"},"image":{"@id":"https:\/\/www.sanmarcopalacevenice.com\/fr\/#\/schema\/logo\/image\/"}}]}},"acf":[],"_links":{"self":[{"href":"https:\/\/www.sanmarcopalacevenice.com\/fr\/wp-json\/wp\/v2\/pages\/171","targetHints":{"allow":["GET"]}}],"collection":[{"href":"https:\/\/www.sanmarcopalacevenice.com\/fr\/wp-json\/wp\/v2\/pages"}],"about":[{"href":"https:\/\/www.sanmarcopalacevenice.com\/fr\/wp-json\/wp\/v2\/types\/page"}],"author":[{"embeddable":true,"href":"https:\/\/www.sanmarcopalacevenice.com\/fr\/wp-json\/wp\/v2\/users\/6"}],"replies":[{"embeddable":true,"href":"https:\/\/www.sanmarcopalacevenice.com\/fr\/wp-json\/wp\/v2\/comments?post=171"}],"version-history":[{"count":0,"href":"https:\/\/www.sanmarcopalacevenice.com\/fr\/wp-json\/wp\/v2\/pages\/171\/revisions"}],"wp:attachment":[{"href":"https:\/\/www.sanmarcopalacevenice.com\/fr\/wp-json\/wp\/v2\/media?parent=171"}],"curies":[{"name":"wp","href":"https:\/\/api.w.org\/{rel}","templated":true}]}}