{"id":186,"date":"2026-01-30T11:20:31","date_gmt":"2026-01-30T11:20:31","guid":{"rendered":"https:\/\/sanmarcopalacevenice.ms3.decms.eu\/?page_id=186"},"modified":"2026-03-17T14:00:24","modified_gmt":"2026-03-17T14:00:24","slug":"alentours","status":"publish","type":"page","link":"https:\/\/www.sanmarcopalacevenice.com\/fr\/alentours\/","title":{"rendered":"Alentours"},"content":{"rendered":"<p>Le <strong>Palais des Doges<\/strong>, la splendide <strong>Basilique Saint-Marc<\/strong> et son haut clocher offrent une immersion totale dans le pass\u00e9 de la S\u00e9r\u00e9nissime. Ne manquez pas de visiter la <strong>Salle du Conseil<\/strong> ou le mythique <strong>Pont des Soupirs<\/strong> pour en saisir toute la grandeur. En fl\u00e2nant dans les <i data-path-to-node=\"8\" data-index-in-node=\"269\">Mercerie<\/i>, ces ruelles commer\u00e7antes bord\u00e9es de boutiques \u00e9l\u00e9gantes, vous rejoindrez rapidement le quartier de <strong>Rialto.<\/strong> Vous y d\u00e9couvrirez l\u2019architecture audacieuse de son pont ainsi que l\u2019effervescence authentique de son c\u00e9l\u00e8bre march\u00e9.<\/p>\n","protected":false},"excerpt":{"rendered":"<p>Le Palais des Doges, la splendide Basilique Saint-Marc et son haut clocher offrent une immersion totale dans le pass\u00e9 de la S\u00e9r\u00e9nissime. Ne manquez pas de visiter la Salle du Conseil ou le mythique Pont des Soupirs pour en saisir toute la grandeur. En fl\u00e2nant dans les Mercerie, ces ruelles commer\u00e7antes bord\u00e9es de boutiques \u00e9l\u00e9gantes, [&hellip;]<\/p>\n","protected":false},"author":6,"featured_media":0,"parent":0,"menu_order":70,"comment_status":"closed","ping_status":"closed","template":"template-surroundings.php","meta":{"footnotes":""},"class_list":["post-186","page","type-page","status-publish","hentry"],"yoast_head":"<!-- This site is optimized with the Yoast SEO plugin v26.9 - https:\/\/yoast.com\/product\/yoast-seo-wordpress\/ -->\n<title>Alentours - San Marco Palace Venice -<\/title>\n<meta name=\"description\" content=\"Le Palais des Doges, la splendide Basilique Saint-Marc et son haut clocher offrent une immersion totale dans le pass\u00e9 de la S\u00e9r\u00e9nissime. Ne manquez pas de visiter la Salle du Conseil ou le mythique Pont des Soupirs pour en saisir toute la grandeur\" \/>\n<meta name=\"robots\" content=\"index, follow, max-snippet:-1, max-image-preview:large, max-video-preview:-1\" \/>\n<link rel=\"canonical\" href=\"https:\/\/www.sanmarcopalacevenice.com\/fr\/alentours\/\" \/>\n<meta property=\"og:locale\" content=\"fr_FR\" \/>\n<meta property=\"og:type\" content=\"article\" \/>\n<meta property=\"og:title\" content=\"Alentours - San Marco Palace Venice -\" \/>\n<meta property=\"og:description\" content=\"Le Palais des Doges, la splendide Basilique Saint-Marc et son haut clocher offrent une immersion totale dans le pass\u00e9 de la S\u00e9r\u00e9nissime. Ne manquez pas de visiter la Salle du Conseil ou le mythique Pont des Soupirs pour en saisir toute la grandeur\" \/>\n<meta property=\"og:url\" content=\"https:\/\/www.sanmarcopalacevenice.com\/fr\/alentours\/\" \/>\n<meta property=\"og:site_name\" content=\"San Marco Palace Venice\" \/>\n<meta property=\"article:modified_time\" content=\"2026-03-17T14:00:24+00:00\" \/>\n<meta name=\"twitter:card\" content=\"summary_large_image\" \/>\n<meta name=\"twitter:label1\" content=\"Est. reading time\" \/>\n\t<meta name=\"twitter:data1\" content=\"1 minute\" \/>\n<script type=\"application\/ld+json\" class=\"yoast-schema-graph\">{\"@context\":\"https:\/\/schema.org\",\"@graph\":[{\"@type\":\"WebPage\",\"@id\":\"https:\/\/www.sanmarcopalacevenice.com\/fr\/alentours\/\",\"url\":\"https:\/\/www.sanmarcopalacevenice.com\/fr\/alentours\/\",\"name\":\"Alentours - San Marco Palace Venice -\",\"isPartOf\":{\"@id\":\"https:\/\/www.sanmarcopalacevenice.com\/fr\/#website\"},\"datePublished\":\"2026-01-30T11:20:31+00:00\",\"dateModified\":\"2026-03-17T14:00:24+00:00\",\"description\":\"Le Palais des Doges, la splendide Basilique Saint-Marc et son haut clocher offrent une immersion totale dans le pass\u00e9 de la S\u00e9r\u00e9nissime. Ne manquez pas de visiter la Salle du Conseil ou le mythique Pont des Soupirs pour en saisir toute la grandeur\",\"breadcrumb\":{\"@id\":\"https:\/\/www.sanmarcopalacevenice.com\/fr\/alentours\/#breadcrumb\"},\"inLanguage\":\"fr-FR\",\"potentialAction\":[{\"@type\":\"ReadAction\",\"target\":[\"https:\/\/www.sanmarcopalacevenice.com\/fr\/alentours\/\"]}]},{\"@type\":\"BreadcrumbList\",\"@id\":\"https:\/\/www.sanmarcopalacevenice.com\/fr\/alentours\/#breadcrumb\",\"itemListElement\":[{\"@type\":\"ListItem\",\"position\":1,\"name\":\"Home\",\"item\":\"https:\/\/www.sanmarcopalacevenice.com\/fr\/\"},{\"@type\":\"ListItem\",\"position\":2,\"name\":\"Alentours\"}]},{\"@type\":\"WebSite\",\"@id\":\"https:\/\/www.sanmarcopalacevenice.com\/fr\/#website\",\"url\":\"https:\/\/www.sanmarcopalacevenice.com\/fr\/\",\"name\":\"San Marco Palace Venice\",\"description\":\"\",\"publisher\":{\"@id\":\"https:\/\/www.sanmarcopalacevenice.com\/fr\/#organization\"},\"potentialAction\":[{\"@type\":\"SearchAction\",\"target\":{\"@type\":\"EntryPoint\",\"urlTemplate\":\"https:\/\/www.sanmarcopalacevenice.com\/fr\/?s={search_term_string}\"},\"query-input\":{\"@type\":\"PropertyValueSpecification\",\"valueRequired\":true,\"valueName\":\"search_term_string\"}}],\"inLanguage\":\"fr-FR\"},{\"@type\":\"Organization\",\"@id\":\"https:\/\/www.sanmarcopalacevenice.com\/fr\/#organization\",\"name\":\"San Marco Palace Venice\",\"url\":\"https:\/\/www.sanmarcopalacevenice.com\/fr\/\",\"logo\":{\"@type\":\"ImageObject\",\"inLanguage\":\"fr-FR\",\"@id\":\"https:\/\/www.sanmarcopalacevenice.com\/fr\/#\/schema\/logo\/image\/\",\"url\":\"https:\/\/www.sanmarcopalacevenice.com\/wp-content\/uploads\/sites\/52\/2026\/01\/logo_san_marco_palace_venice_c.svg\",\"contentUrl\":\"https:\/\/www.sanmarcopalacevenice.com\/wp-content\/uploads\/sites\/52\/2026\/01\/logo_san_marco_palace_venice_c.svg\",\"width\":1441,\"height\":334,\"caption\":\"San Marco Palace Venice\"},\"image\":{\"@id\":\"https:\/\/www.sanmarcopalacevenice.com\/fr\/#\/schema\/logo\/image\/\"}}]}<\/script>\n<!-- \/ Yoast SEO plugin. -->","yoast_head_json":{"title":"Alentours - San Marco Palace Venice -","description":"Le Palais des Doges, la splendide Basilique Saint-Marc et son haut clocher offrent une immersion totale dans le pass\u00e9 de la S\u00e9r\u00e9nissime. Ne manquez pas de visiter la Salle du Conseil ou le mythique Pont des Soupirs pour en saisir toute la grandeur","robots":{"index":"index","follow":"follow","max-snippet":"max-snippet:-1","max-image-preview":"max-image-preview:large","max-video-preview":"max-video-preview:-1"},"canonical":"https:\/\/www.sanmarcopalacevenice.com\/fr\/alentours\/","og_locale":"fr_FR","og_type":"article","og_title":"Alentours - San Marco Palace Venice -","og_description":"Le Palais des Doges, la splendide Basilique Saint-Marc et son haut clocher offrent une immersion totale dans le pass\u00e9 de la S\u00e9r\u00e9nissime. Ne manquez pas de visiter la Salle du Conseil ou le mythique Pont des Soupirs pour en saisir toute la grandeur","og_url":"https:\/\/www.sanmarcopalacevenice.com\/fr\/alentours\/","og_site_name":"San Marco Palace Venice","article_modified_time":"2026-03-17T14:00:24+00:00","twitter_card":"summary_large_image","twitter_misc":{"Est. reading time":"1 minute"},"schema":{"@context":"https:\/\/schema.org","@graph":[{"@type":"WebPage","@id":"https:\/\/www.sanmarcopalacevenice.com\/fr\/alentours\/","url":"https:\/\/www.sanmarcopalacevenice.com\/fr\/alentours\/","name":"Alentours - San Marco Palace Venice -","isPartOf":{"@id":"https:\/\/www.sanmarcopalacevenice.com\/fr\/#website"},"datePublished":"2026-01-30T11:20:31+00:00","dateModified":"2026-03-17T14:00:24+00:00","description":"Le Palais des Doges, la splendide Basilique Saint-Marc et son haut clocher offrent une immersion totale dans le pass\u00e9 de la S\u00e9r\u00e9nissime. Ne manquez pas de visiter la Salle du Conseil ou le mythique Pont des Soupirs pour en saisir toute la grandeur","breadcrumb":{"@id":"https:\/\/www.sanmarcopalacevenice.com\/fr\/alentours\/#breadcrumb"},"inLanguage":"fr-FR","potentialAction":[{"@type":"ReadAction","target":["https:\/\/www.sanmarcopalacevenice.com\/fr\/alentours\/"]}]},{"@type":"BreadcrumbList","@id":"https:\/\/www.sanmarcopalacevenice.com\/fr\/alentours\/#breadcrumb","itemListElement":[{"@type":"ListItem","position":1,"name":"Home","item":"https:\/\/www.sanmarcopalacevenice.com\/fr\/"},{"@type":"ListItem","position":2,"name":"Alentours"}]},{"@type":"WebSite","@id":"https:\/\/www.sanmarcopalacevenice.com\/fr\/#website","url":"https:\/\/www.sanmarcopalacevenice.com\/fr\/","name":"San Marco Palace Venice","description":"","publisher":{"@id":"https:\/\/www.sanmarcopalacevenice.com\/fr\/#organization"},"potentialAction":[{"@type":"SearchAction","target":{"@type":"EntryPoint","urlTemplate":"https:\/\/www.sanmarcopalacevenice.com\/fr\/?s={search_term_string}"},"query-input":{"@type":"PropertyValueSpecification","valueRequired":true,"valueName":"search_term_string"}}],"inLanguage":"fr-FR"},{"@type":"Organization","@id":"https:\/\/www.sanmarcopalacevenice.com\/fr\/#organization","name":"San Marco Palace Venice","url":"https:\/\/www.sanmarcopalacevenice.com\/fr\/","logo":{"@type":"ImageObject","inLanguage":"fr-FR","@id":"https:\/\/www.sanmarcopalacevenice.com\/fr\/#\/schema\/logo\/image\/","url":"https:\/\/www.sanmarcopalacevenice.com\/wp-content\/uploads\/sites\/52\/2026\/01\/logo_san_marco_palace_venice_c.svg","contentUrl":"https:\/\/www.sanmarcopalacevenice.com\/wp-content\/uploads\/sites\/52\/2026\/01\/logo_san_marco_palace_venice_c.svg","width":1441,"height":334,"caption":"San Marco Palace Venice"},"image":{"@id":"https:\/\/www.sanmarcopalacevenice.com\/fr\/#\/schema\/logo\/image\/"}}]}},"acf":[],"_links":{"self":[{"href":"https:\/\/www.sanmarcopalacevenice.com\/fr\/wp-json\/wp\/v2\/pages\/186","targetHints":{"allow":["GET"]}}],"collection":[{"href":"https:\/\/www.sanmarcopalacevenice.com\/fr\/wp-json\/wp\/v2\/pages"}],"about":[{"href":"https:\/\/www.sanmarcopalacevenice.com\/fr\/wp-json\/wp\/v2\/types\/page"}],"author":[{"embeddable":true,"href":"https:\/\/www.sanmarcopalacevenice.com\/fr\/wp-json\/wp\/v2\/users\/6"}],"replies":[{"embeddable":true,"href":"https:\/\/www.sanmarcopalacevenice.com\/fr\/wp-json\/wp\/v2\/comments?post=186"}],"version-history":[{"count":0,"href":"https:\/\/www.sanmarcopalacevenice.com\/fr\/wp-json\/wp\/v2\/pages\/186\/revisions"}],"wp:attachment":[{"href":"https:\/\/www.sanmarcopalacevenice.com\/fr\/wp-json\/wp\/v2\/media?parent=186"}],"curies":[{"name":"wp","href":"https:\/\/api.w.org\/{rel}","templated":true}]}}