{"id":198,"date":"2026-01-30T11:17:36","date_gmt":"2026-01-30T11:17:36","guid":{"rendered":"https:\/\/sanmarcopalacevenice.ms3.decms.eu\/?page_id=198"},"modified":"2026-02-16T16:43:13","modified_gmt":"2026-02-16T16:43:13","slug":"suite-classique","status":"publish","type":"page","link":"https:\/\/www.sanmarcopalacevenice.com\/fr\/suites\/suite-classique\/","title":{"rendered":"Suite Classique"},"content":{"rendered":"<p>\u00c9l\u00e9gante et dot\u00e9e de tout le confort, cette suite est lumineuse, meubl\u00e9e avec raffinement et confortable pour un s\u00e9jour inoubliable. Elle se compose d\u2019une chambre, d\u2019un s\u00e9jour et d\u2019une salle de bains.<\/p>\n","protected":false},"excerpt":{"rendered":"<p>\u00c9l\u00e9gante et dot\u00e9e de tout le confort, cette suite est lumineuse, meubl\u00e9e avec raffinement et confortable pour un s\u00e9jour inoubliable. Elle se compose d\u2019une chambre, d\u2019un s\u00e9jour et d\u2019une salle de bains.<\/p>\n","protected":false},"author":6,"featured_media":0,"parent":176,"menu_order":20,"comment_status":"closed","ping_status":"closed","template":"template-single-room.php","meta":{"footnotes":""},"class_list":["post-198","page","type-page","status-publish","hentry"],"yoast_head":"<!-- This site is optimized with the Yoast SEO plugin v26.9 - https:\/\/yoast.com\/product\/yoast-seo-wordpress\/ -->\n<title>Suite Classique - San Marco Palace Venice -<\/title>\n<meta name=\"description\" content=\"\u00c9l\u00e9gante et dot\u00e9e de tout le confort, cette suite est lumineuse, meubl\u00e9e avec raffinement et confortable pour un s\u00e9jour inoubliable. Elle se compose d\u2019une chambre, d\u2019un s\u00e9jour et d\u2019une salle de bains.\" \/>\n<meta name=\"robots\" content=\"index, follow, max-snippet:-1, max-image-preview:large, max-video-preview:-1\" \/>\n<link rel=\"canonical\" href=\"https:\/\/www.sanmarcopalacevenice.com\/fr\/suites\/suite-classique\/\" \/>\n<meta property=\"og:locale\" content=\"fr_FR\" \/>\n<meta property=\"og:type\" content=\"article\" \/>\n<meta property=\"og:title\" content=\"Suite Classique - San Marco Palace Venice -\" \/>\n<meta property=\"og:description\" content=\"\u00c9l\u00e9gante et dot\u00e9e de tout le confort, cette suite est lumineuse, meubl\u00e9e avec raffinement et confortable pour un s\u00e9jour inoubliable. Elle se compose d\u2019une chambre, d\u2019un s\u00e9jour et d\u2019une salle de bains.\" \/>\n<meta property=\"og:url\" content=\"https:\/\/www.sanmarcopalacevenice.com\/fr\/suites\/suite-classique\/\" \/>\n<meta property=\"og:site_name\" content=\"San Marco Palace Venice\" \/>\n<meta property=\"article:modified_time\" content=\"2026-02-16T16:43:13+00:00\" \/>\n<meta name=\"twitter:card\" content=\"summary_large_image\" \/>\n<meta name=\"twitter:label1\" content=\"Est. reading time\" \/>\n\t<meta name=\"twitter:data1\" content=\"1 minute\" \/>\n<script type=\"application\/ld+json\" class=\"yoast-schema-graph\">{\"@context\":\"https:\/\/schema.org\",\"@graph\":[{\"@type\":\"WebPage\",\"@id\":\"https:\/\/www.sanmarcopalacevenice.com\/fr\/suites\/suite-classique\/\",\"url\":\"https:\/\/www.sanmarcopalacevenice.com\/fr\/suites\/suite-classique\/\",\"name\":\"Suite Classique - San Marco Palace Venice -\",\"isPartOf\":{\"@id\":\"https:\/\/www.sanmarcopalacevenice.com\/fr\/#website\"},\"datePublished\":\"2026-01-30T11:17:36+00:00\",\"dateModified\":\"2026-02-16T16:43:13+00:00\",\"description\":\"\u00c9l\u00e9gante et dot\u00e9e de tout le confort, cette suite est lumineuse, meubl\u00e9e avec raffinement et confortable pour un s\u00e9jour inoubliable. Elle se compose d\u2019une chambre, d\u2019un s\u00e9jour et d\u2019une salle de bains.\",\"breadcrumb\":{\"@id\":\"https:\/\/www.sanmarcopalacevenice.com\/fr\/suites\/suite-classique\/#breadcrumb\"},\"inLanguage\":\"fr-FR\",\"potentialAction\":[{\"@type\":\"ReadAction\",\"target\":[\"https:\/\/www.sanmarcopalacevenice.com\/fr\/suites\/suite-classique\/\"]}]},{\"@type\":\"BreadcrumbList\",\"@id\":\"https:\/\/www.sanmarcopalacevenice.com\/fr\/suites\/suite-classique\/#breadcrumb\",\"itemListElement\":[{\"@type\":\"ListItem\",\"position\":1,\"name\":\"Home\",\"item\":\"https:\/\/www.sanmarcopalacevenice.com\/fr\/\"},{\"@type\":\"ListItem\",\"position\":2,\"name\":\"Suites\",\"item\":\"https:\/\/www.sanmarcopalacevenice.com\/fr\/suites\/\"},{\"@type\":\"ListItem\",\"position\":3,\"name\":\"Suite Classique\"}]},{\"@type\":\"WebSite\",\"@id\":\"https:\/\/www.sanmarcopalacevenice.com\/fr\/#website\",\"url\":\"https:\/\/www.sanmarcopalacevenice.com\/fr\/\",\"name\":\"San Marco Palace Venice\",\"description\":\"\",\"publisher\":{\"@id\":\"https:\/\/www.sanmarcopalacevenice.com\/fr\/#organization\"},\"potentialAction\":[{\"@type\":\"SearchAction\",\"target\":{\"@type\":\"EntryPoint\",\"urlTemplate\":\"https:\/\/www.sanmarcopalacevenice.com\/fr\/?s={search_term_string}\"},\"query-input\":{\"@type\":\"PropertyValueSpecification\",\"valueRequired\":true,\"valueName\":\"search_term_string\"}}],\"inLanguage\":\"fr-FR\"},{\"@type\":\"Organization\",\"@id\":\"https:\/\/www.sanmarcopalacevenice.com\/fr\/#organization\",\"name\":\"San Marco Palace Venice\",\"url\":\"https:\/\/www.sanmarcopalacevenice.com\/fr\/\",\"logo\":{\"@type\":\"ImageObject\",\"inLanguage\":\"fr-FR\",\"@id\":\"https:\/\/www.sanmarcopalacevenice.com\/fr\/#\/schema\/logo\/image\/\",\"url\":\"https:\/\/www.sanmarcopalacevenice.com\/wp-content\/uploads\/sites\/52\/2026\/01\/logo_san_marco_palace_venice_c.svg\",\"contentUrl\":\"https:\/\/www.sanmarcopalacevenice.com\/wp-content\/uploads\/sites\/52\/2026\/01\/logo_san_marco_palace_venice_c.svg\",\"width\":1441,\"height\":334,\"caption\":\"San Marco Palace Venice\"},\"image\":{\"@id\":\"https:\/\/www.sanmarcopalacevenice.com\/fr\/#\/schema\/logo\/image\/\"}}]}<\/script>\n<!-- \/ Yoast SEO plugin. -->","yoast_head_json":{"title":"Suite Classique - San Marco Palace Venice -","description":"\u00c9l\u00e9gante et dot\u00e9e de tout le confort, cette suite est lumineuse, meubl\u00e9e avec raffinement et confortable pour un s\u00e9jour inoubliable. Elle se compose d\u2019une chambre, d\u2019un s\u00e9jour et d\u2019une salle de bains.","robots":{"index":"index","follow":"follow","max-snippet":"max-snippet:-1","max-image-preview":"max-image-preview:large","max-video-preview":"max-video-preview:-1"},"canonical":"https:\/\/www.sanmarcopalacevenice.com\/fr\/suites\/suite-classique\/","og_locale":"fr_FR","og_type":"article","og_title":"Suite Classique - San Marco Palace Venice -","og_description":"\u00c9l\u00e9gante et dot\u00e9e de tout le confort, cette suite est lumineuse, meubl\u00e9e avec raffinement et confortable pour un s\u00e9jour inoubliable. Elle se compose d\u2019une chambre, d\u2019un s\u00e9jour et d\u2019une salle de bains.","og_url":"https:\/\/www.sanmarcopalacevenice.com\/fr\/suites\/suite-classique\/","og_site_name":"San Marco Palace Venice","article_modified_time":"2026-02-16T16:43:13+00:00","twitter_card":"summary_large_image","twitter_misc":{"Est. reading time":"1 minute"},"schema":{"@context":"https:\/\/schema.org","@graph":[{"@type":"WebPage","@id":"https:\/\/www.sanmarcopalacevenice.com\/fr\/suites\/suite-classique\/","url":"https:\/\/www.sanmarcopalacevenice.com\/fr\/suites\/suite-classique\/","name":"Suite Classique - San Marco Palace Venice -","isPartOf":{"@id":"https:\/\/www.sanmarcopalacevenice.com\/fr\/#website"},"datePublished":"2026-01-30T11:17:36+00:00","dateModified":"2026-02-16T16:43:13+00:00","description":"\u00c9l\u00e9gante et dot\u00e9e de tout le confort, cette suite est lumineuse, meubl\u00e9e avec raffinement et confortable pour un s\u00e9jour inoubliable. Elle se compose d\u2019une chambre, d\u2019un s\u00e9jour et d\u2019une salle de bains.","breadcrumb":{"@id":"https:\/\/www.sanmarcopalacevenice.com\/fr\/suites\/suite-classique\/#breadcrumb"},"inLanguage":"fr-FR","potentialAction":[{"@type":"ReadAction","target":["https:\/\/www.sanmarcopalacevenice.com\/fr\/suites\/suite-classique\/"]}]},{"@type":"BreadcrumbList","@id":"https:\/\/www.sanmarcopalacevenice.com\/fr\/suites\/suite-classique\/#breadcrumb","itemListElement":[{"@type":"ListItem","position":1,"name":"Home","item":"https:\/\/www.sanmarcopalacevenice.com\/fr\/"},{"@type":"ListItem","position":2,"name":"Suites","item":"https:\/\/www.sanmarcopalacevenice.com\/fr\/suites\/"},{"@type":"ListItem","position":3,"name":"Suite Classique"}]},{"@type":"WebSite","@id":"https:\/\/www.sanmarcopalacevenice.com\/fr\/#website","url":"https:\/\/www.sanmarcopalacevenice.com\/fr\/","name":"San Marco Palace Venice","description":"","publisher":{"@id":"https:\/\/www.sanmarcopalacevenice.com\/fr\/#organization"},"potentialAction":[{"@type":"SearchAction","target":{"@type":"EntryPoint","urlTemplate":"https:\/\/www.sanmarcopalacevenice.com\/fr\/?s={search_term_string}"},"query-input":{"@type":"PropertyValueSpecification","valueRequired":true,"valueName":"search_term_string"}}],"inLanguage":"fr-FR"},{"@type":"Organization","@id":"https:\/\/www.sanmarcopalacevenice.com\/fr\/#organization","name":"San Marco Palace Venice","url":"https:\/\/www.sanmarcopalacevenice.com\/fr\/","logo":{"@type":"ImageObject","inLanguage":"fr-FR","@id":"https:\/\/www.sanmarcopalacevenice.com\/fr\/#\/schema\/logo\/image\/","url":"https:\/\/www.sanmarcopalacevenice.com\/wp-content\/uploads\/sites\/52\/2026\/01\/logo_san_marco_palace_venice_c.svg","contentUrl":"https:\/\/www.sanmarcopalacevenice.com\/wp-content\/uploads\/sites\/52\/2026\/01\/logo_san_marco_palace_venice_c.svg","width":1441,"height":334,"caption":"San Marco Palace Venice"},"image":{"@id":"https:\/\/www.sanmarcopalacevenice.com\/fr\/#\/schema\/logo\/image\/"}}]}},"acf":[],"_links":{"self":[{"href":"https:\/\/www.sanmarcopalacevenice.com\/fr\/wp-json\/wp\/v2\/pages\/198","targetHints":{"allow":["GET"]}}],"collection":[{"href":"https:\/\/www.sanmarcopalacevenice.com\/fr\/wp-json\/wp\/v2\/pages"}],"about":[{"href":"https:\/\/www.sanmarcopalacevenice.com\/fr\/wp-json\/wp\/v2\/types\/page"}],"author":[{"embeddable":true,"href":"https:\/\/www.sanmarcopalacevenice.com\/fr\/wp-json\/wp\/v2\/users\/6"}],"replies":[{"embeddable":true,"href":"https:\/\/www.sanmarcopalacevenice.com\/fr\/wp-json\/wp\/v2\/comments?post=198"}],"version-history":[{"count":0,"href":"https:\/\/www.sanmarcopalacevenice.com\/fr\/wp-json\/wp\/v2\/pages\/198\/revisions"}],"up":[{"embeddable":true,"href":"https:\/\/www.sanmarcopalacevenice.com\/fr\/wp-json\/wp\/v2\/pages\/176"}],"wp:attachment":[{"href":"https:\/\/www.sanmarcopalacevenice.com\/fr\/wp-json\/wp\/v2\/media?parent=198"}],"curies":[{"name":"wp","href":"https:\/\/api.w.org\/{rel}","templated":true}]}}